{"id":97,"date":"2020-01-28T19:40:52","date_gmt":"2020-01-28T19:40:52","guid":{"rendered":"https:\/\/www.sg-obereichstaett.de\/?page_id=97"},"modified":"2020-01-28T19:40:53","modified_gmt":"2020-01-28T19:40:53","slug":"fotos-boellerfreunde","status":"publish","type":"page","link":"https:\/\/www.sg-obereichstaett.de\/index.php\/fotos-boellerfreunde\/","title":{"rendered":"Fotos B\u00f6llerfreunde"},"content":{"rendered":"\n<figure class=\"wp-block-gallery columns-3 is-cropped wp-block-gallery-1 is-layout-flex wp-block-gallery-is-layout-flex\"><ul class=\"blocks-gallery-grid\"><li class=\"blocks-gallery-item\"><figure><img loading=\"lazy\" decoding=\"async\" width=\"1024\" height=\"768\" src=\"https:\/\/www.sg-obereichstaett.de\/wp-content\/uploads\/2020\/01\/boeller1.jpg\" alt=\"\" data-id=\"98\" data-full-url=\"https:\/\/www.sg-obereichstaett.de\/wp-content\/uploads\/2020\/01\/boeller1.jpg\" data-link=\"https:\/\/www.sg-obereichstaett.de\/?attachment_id=98\" class=\"wp-image-98\" srcset=\"https:\/\/www.sg-obereichstaett.de\/wp-content\/uploads\/2020\/01\/boeller1.jpg 1024w, https:\/\/www.sg-obereichstaett.de\/wp-content\/uploads\/2020\/01\/boeller1-300x225.jpg 300w, https:\/\/www.sg-obereichstaett.de\/wp-content\/uploads\/2020\/01\/boeller1-768x576.jpg 768w\" sizes=\"auto, (max-width: 1024px) 100vw, 1024px\" \/><\/figure><\/li><li class=\"blocks-gallery-item\"><figure><img loading=\"lazy\" decoding=\"async\" width=\"1024\" height=\"768\" src=\"https:\/\/www.sg-obereichstaett.de\/wp-content\/uploads\/2020\/01\/boeller2.jpg\" alt=\"\" data-id=\"99\" data-full-url=\"https:\/\/www.sg-obereichstaett.de\/wp-content\/uploads\/2020\/01\/boeller2.jpg\" data-link=\"https:\/\/www.sg-obereichstaett.de\/?attachment_id=99\" class=\"wp-image-99\" srcset=\"https:\/\/www.sg-obereichstaett.de\/wp-content\/uploads\/2020\/01\/boeller2.jpg 1024w, https:\/\/www.sg-obereichstaett.de\/wp-content\/uploads\/2020\/01\/boeller2-300x225.jpg 300w, https:\/\/www.sg-obereichstaett.de\/wp-content\/uploads\/2020\/01\/boeller2-768x576.jpg 768w\" sizes=\"auto, (max-width: 1024px) 100vw, 1024px\" \/><\/figure><\/li><li class=\"blocks-gallery-item\"><figure><img loading=\"lazy\" decoding=\"async\" width=\"1024\" height=\"683\" src=\"https:\/\/www.sg-obereichstaett.de\/wp-content\/uploads\/2020\/01\/boeller3.jpg\" alt=\"\" data-id=\"100\" data-full-url=\"https:\/\/www.sg-obereichstaett.de\/wp-content\/uploads\/2020\/01\/boeller3.jpg\" data-link=\"https:\/\/www.sg-obereichstaett.de\/?attachment_id=100\" class=\"wp-image-100\" srcset=\"https:\/\/www.sg-obereichstaett.de\/wp-content\/uploads\/2020\/01\/boeller3.jpg 1024w, https:\/\/www.sg-obereichstaett.de\/wp-content\/uploads\/2020\/01\/boeller3-300x200.jpg 300w, https:\/\/www.sg-obereichstaett.de\/wp-content\/uploads\/2020\/01\/boeller3-768x512.jpg 768w\" sizes=\"auto, (max-width: 1024px) 100vw, 1024px\" \/><\/figure><\/li><li class=\"blocks-gallery-item\"><figure><img loading=\"lazy\" decoding=\"async\" width=\"1024\" height=\"576\" src=\"https:\/\/www.sg-obereichstaett.de\/wp-content\/uploads\/2020\/01\/boeller4.jpg\" alt=\"\" data-id=\"101\" data-full-url=\"https:\/\/www.sg-obereichstaett.de\/wp-content\/uploads\/2020\/01\/boeller4.jpg\" data-link=\"https:\/\/www.sg-obereichstaett.de\/?attachment_id=101\" class=\"wp-image-101\" srcset=\"https:\/\/www.sg-obereichstaett.de\/wp-content\/uploads\/2020\/01\/boeller4.jpg 1024w, https:\/\/www.sg-obereichstaett.de\/wp-content\/uploads\/2020\/01\/boeller4-300x169.jpg 300w, https:\/\/www.sg-obereichstaett.de\/wp-content\/uploads\/2020\/01\/boeller4-768x432.jpg 768w\" sizes=\"auto, (max-width: 1024px) 100vw, 1024px\" \/><\/figure><\/li><li class=\"blocks-gallery-item\"><figure><img loading=\"lazy\" decoding=\"async\" width=\"1024\" height=\"576\" src=\"https:\/\/www.sg-obereichstaett.de\/wp-content\/uploads\/2020\/01\/boeller5.jpg\" alt=\"\" data-id=\"102\" data-full-url=\"https:\/\/www.sg-obereichstaett.de\/wp-content\/uploads\/2020\/01\/boeller5.jpg\" data-link=\"https:\/\/www.sg-obereichstaett.de\/?attachment_id=102\" class=\"wp-image-102\" srcset=\"https:\/\/www.sg-obereichstaett.de\/wp-content\/uploads\/2020\/01\/boeller5.jpg 1024w, https:\/\/www.sg-obereichstaett.de\/wp-content\/uploads\/2020\/01\/boeller5-300x169.jpg 300w, https:\/\/www.sg-obereichstaett.de\/wp-content\/uploads\/2020\/01\/boeller5-768x432.jpg 768w\" sizes=\"auto, (max-width: 1024px) 100vw, 1024px\" \/><\/figure><\/li><li class=\"blocks-gallery-item\"><figure><img loading=\"lazy\" decoding=\"async\" width=\"1024\" height=\"576\" src=\"https:\/\/www.sg-obereichstaett.de\/wp-content\/uploads\/2020\/01\/boeller6.jpg\" alt=\"\" data-id=\"103\" data-full-url=\"https:\/\/www.sg-obereichstaett.de\/wp-content\/uploads\/2020\/01\/boeller6.jpg\" data-link=\"https:\/\/www.sg-obereichstaett.de\/?attachment_id=103\" class=\"wp-image-103\" srcset=\"https:\/\/www.sg-obereichstaett.de\/wp-content\/uploads\/2020\/01\/boeller6.jpg 1024w, https:\/\/www.sg-obereichstaett.de\/wp-content\/uploads\/2020\/01\/boeller6-300x169.jpg 300w, https:\/\/www.sg-obereichstaett.de\/wp-content\/uploads\/2020\/01\/boeller6-768x432.jpg 768w\" sizes=\"auto, (max-width: 1024px) 100vw, 1024px\" \/><\/figure><\/li><li class=\"blocks-gallery-item\"><figure><img loading=\"lazy\" decoding=\"async\" width=\"1024\" height=\"576\" src=\"https:\/\/www.sg-obereichstaett.de\/wp-content\/uploads\/2020\/01\/boeller7.jpg\" alt=\"\" data-id=\"104\" data-full-url=\"https:\/\/www.sg-obereichstaett.de\/wp-content\/uploads\/2020\/01\/boeller7.jpg\" data-link=\"https:\/\/www.sg-obereichstaett.de\/?attachment_id=104\" class=\"wp-image-104\" srcset=\"https:\/\/www.sg-obereichstaett.de\/wp-content\/uploads\/2020\/01\/boeller7.jpg 1024w, https:\/\/www.sg-obereichstaett.de\/wp-content\/uploads\/2020\/01\/boeller7-300x169.jpg 300w, https:\/\/www.sg-obereichstaett.de\/wp-content\/uploads\/2020\/01\/boeller7-768x432.jpg 768w\" sizes=\"auto, (max-width: 1024px) 100vw, 1024px\" \/><\/figure><\/li><\/ul><\/figure>\n","protected":false},"excerpt":{"rendered":"","protected":false},"author":1,"featured_media":0,"parent":0,"menu_order":0,"comment_status":"closed","ping_status":"closed","template":"","meta":{"colormag_page_layout":"default_layout","footnotes":""},"class_list":["post-97","page","type-page","status-publish","hentry"],"yoast_head":"<!-- This site is optimized with the Yoast SEO plugin v22.9 - https:\/\/yoast.com\/wordpress\/plugins\/seo\/ -->\n<title>Fotos B\u00f6llerfreunde - SG Obereichst\u00e4tt<\/title>\n<meta name=\"robots\" content=\"index, follow, max-snippet:-1, max-image-preview:large, max-video-preview:-1\" \/>\n<link rel=\"canonical\" href=\"https:\/\/www.sg-obereichstaett.de\/index.php\/fotos-boellerfreunde\/\" \/>\n<meta property=\"og:locale\" content=\"de_DE\" \/>\n<meta property=\"og:type\" content=\"article\" \/>\n<meta property=\"og:title\" content=\"Fotos B\u00f6llerfreunde - SG Obereichst\u00e4tt\" \/>\n<meta property=\"og:url\" content=\"https:\/\/www.sg-obereichstaett.de\/index.php\/fotos-boellerfreunde\/\" \/>\n<meta property=\"og:site_name\" content=\"SG Obereichst\u00e4tt\" \/>\n<meta property=\"article:modified_time\" content=\"2020-01-28T19:40:53+00:00\" \/>\n<meta property=\"og:image\" content=\"https:\/\/www.sg-obereichstaett.de\/wp-content\/uploads\/2020\/01\/boeller1.jpg\" \/>\n<meta name=\"twitter:card\" content=\"summary_large_image\" \/>\n<script type=\"application\/ld+json\" class=\"yoast-schema-graph\">{\"@context\":\"https:\/\/schema.org\",\"@graph\":[{\"@type\":\"WebPage\",\"@id\":\"https:\/\/www.sg-obereichstaett.de\/index.php\/fotos-boellerfreunde\/\",\"url\":\"https:\/\/www.sg-obereichstaett.de\/index.php\/fotos-boellerfreunde\/\",\"name\":\"Fotos B\u00f6llerfreunde - SG Obereichst\u00e4tt\",\"isPartOf\":{\"@id\":\"https:\/\/www.sg-obereichstaett.de\/#website\"},\"primaryImageOfPage\":{\"@id\":\"https:\/\/www.sg-obereichstaett.de\/index.php\/fotos-boellerfreunde\/#primaryimage\"},\"image\":{\"@id\":\"https:\/\/www.sg-obereichstaett.de\/index.php\/fotos-boellerfreunde\/#primaryimage\"},\"thumbnailUrl\":\"https:\/\/www.sg-obereichstaett.de\/wp-content\/uploads\/2020\/01\/boeller1.jpg\",\"datePublished\":\"2020-01-28T19:40:52+00:00\",\"dateModified\":\"2020-01-28T19:40:53+00:00\",\"breadcrumb\":{\"@id\":\"https:\/\/www.sg-obereichstaett.de\/index.php\/fotos-boellerfreunde\/#breadcrumb\"},\"inLanguage\":\"de\",\"potentialAction\":[{\"@type\":\"ReadAction\",\"target\":[\"https:\/\/www.sg-obereichstaett.de\/index.php\/fotos-boellerfreunde\/\"]}]},{\"@type\":\"ImageObject\",\"inLanguage\":\"de\",\"@id\":\"https:\/\/www.sg-obereichstaett.de\/index.php\/fotos-boellerfreunde\/#primaryimage\",\"url\":\"https:\/\/www.sg-obereichstaett.de\/wp-content\/uploads\/2020\/01\/boeller1.jpg\",\"contentUrl\":\"https:\/\/www.sg-obereichstaett.de\/wp-content\/uploads\/2020\/01\/boeller1.jpg\",\"width\":1024,\"height\":768},{\"@type\":\"BreadcrumbList\",\"@id\":\"https:\/\/www.sg-obereichstaett.de\/index.php\/fotos-boellerfreunde\/#breadcrumb\",\"itemListElement\":[{\"@type\":\"ListItem\",\"position\":1,\"name\":\"Home\",\"item\":\"https:\/\/www.sg-obereichstaett.de\/\"},{\"@type\":\"ListItem\",\"position\":2,\"name\":\"Fotos B\u00f6llerfreunde\"}]},{\"@type\":\"WebSite\",\"@id\":\"https:\/\/www.sg-obereichstaett.de\/#website\",\"url\":\"https:\/\/www.sg-obereichstaett.de\/\",\"name\":\"SG Obereichst\u00e4tt\",\"description\":\"Sch\u00fctzengesellschaft &quot;Gut Heil&quot; Obereichst\u00e4tt 1884 e.V.\",\"publisher\":{\"@id\":\"https:\/\/www.sg-obereichstaett.de\/#organization\"},\"potentialAction\":[{\"@type\":\"SearchAction\",\"target\":{\"@type\":\"EntryPoint\",\"urlTemplate\":\"https:\/\/www.sg-obereichstaett.de\/?s={search_term_string}\"},\"query-input\":\"required name=search_term_string\"}],\"inLanguage\":\"de\"},{\"@type\":\"Organization\",\"@id\":\"https:\/\/www.sg-obereichstaett.de\/#organization\",\"name\":\"SG Obereichst\u00e4tt\",\"url\":\"https:\/\/www.sg-obereichstaett.de\/\",\"logo\":{\"@type\":\"ImageObject\",\"inLanguage\":\"de\",\"@id\":\"https:\/\/www.sg-obereichstaett.de\/#\/schema\/logo\/image\/\",\"url\":\"https:\/\/www.sg-obereichstaett.de\/wp-content\/uploads\/2019\/12\/cropped-sgoei-logo_512-4.png\",\"contentUrl\":\"https:\/\/www.sg-obereichstaett.de\/wp-content\/uploads\/2019\/12\/cropped-sgoei-logo_512-4.png\",\"width\":250,\"height\":250,\"caption\":\"SG Obereichst\u00e4tt\"},\"image\":{\"@id\":\"https:\/\/www.sg-obereichstaett.de\/#\/schema\/logo\/image\/\"}}]}<\/script>\n<!-- \/ Yoast SEO plugin. -->","yoast_head_json":{"title":"Fotos B\u00f6llerfreunde - SG Obereichst\u00e4tt","robots":{"index":"index","follow":"follow","max-snippet":"max-snippet:-1","max-image-preview":"max-image-preview:large","max-video-preview":"max-video-preview:-1"},"canonical":"https:\/\/www.sg-obereichstaett.de\/index.php\/fotos-boellerfreunde\/","og_locale":"de_DE","og_type":"article","og_title":"Fotos B\u00f6llerfreunde - SG Obereichst\u00e4tt","og_url":"https:\/\/www.sg-obereichstaett.de\/index.php\/fotos-boellerfreunde\/","og_site_name":"SG Obereichst\u00e4tt","article_modified_time":"2020-01-28T19:40:53+00:00","og_image":[{"url":"https:\/\/www.sg-obereichstaett.de\/wp-content\/uploads\/2020\/01\/boeller1.jpg"}],"twitter_card":"summary_large_image","schema":{"@context":"https:\/\/schema.org","@graph":[{"@type":"WebPage","@id":"https:\/\/www.sg-obereichstaett.de\/index.php\/fotos-boellerfreunde\/","url":"https:\/\/www.sg-obereichstaett.de\/index.php\/fotos-boellerfreunde\/","name":"Fotos B\u00f6llerfreunde - SG Obereichst\u00e4tt","isPartOf":{"@id":"https:\/\/www.sg-obereichstaett.de\/#website"},"primaryImageOfPage":{"@id":"https:\/\/www.sg-obereichstaett.de\/index.php\/fotos-boellerfreunde\/#primaryimage"},"image":{"@id":"https:\/\/www.sg-obereichstaett.de\/index.php\/fotos-boellerfreunde\/#primaryimage"},"thumbnailUrl":"https:\/\/www.sg-obereichstaett.de\/wp-content\/uploads\/2020\/01\/boeller1.jpg","datePublished":"2020-01-28T19:40:52+00:00","dateModified":"2020-01-28T19:40:53+00:00","breadcrumb":{"@id":"https:\/\/www.sg-obereichstaett.de\/index.php\/fotos-boellerfreunde\/#breadcrumb"},"inLanguage":"de","potentialAction":[{"@type":"ReadAction","target":["https:\/\/www.sg-obereichstaett.de\/index.php\/fotos-boellerfreunde\/"]}]},{"@type":"ImageObject","inLanguage":"de","@id":"https:\/\/www.sg-obereichstaett.de\/index.php\/fotos-boellerfreunde\/#primaryimage","url":"https:\/\/www.sg-obereichstaett.de\/wp-content\/uploads\/2020\/01\/boeller1.jpg","contentUrl":"https:\/\/www.sg-obereichstaett.de\/wp-content\/uploads\/2020\/01\/boeller1.jpg","width":1024,"height":768},{"@type":"BreadcrumbList","@id":"https:\/\/www.sg-obereichstaett.de\/index.php\/fotos-boellerfreunde\/#breadcrumb","itemListElement":[{"@type":"ListItem","position":1,"name":"Home","item":"https:\/\/www.sg-obereichstaett.de\/"},{"@type":"ListItem","position":2,"name":"Fotos B\u00f6llerfreunde"}]},{"@type":"WebSite","@id":"https:\/\/www.sg-obereichstaett.de\/#website","url":"https:\/\/www.sg-obereichstaett.de\/","name":"SG Obereichst\u00e4tt","description":"Sch\u00fctzengesellschaft &quot;Gut Heil&quot; Obereichst\u00e4tt 1884 e.V.","publisher":{"@id":"https:\/\/www.sg-obereichstaett.de\/#organization"},"potentialAction":[{"@type":"SearchAction","target":{"@type":"EntryPoint","urlTemplate":"https:\/\/www.sg-obereichstaett.de\/?s={search_term_string}"},"query-input":"required name=search_term_string"}],"inLanguage":"de"},{"@type":"Organization","@id":"https:\/\/www.sg-obereichstaett.de\/#organization","name":"SG Obereichst\u00e4tt","url":"https:\/\/www.sg-obereichstaett.de\/","logo":{"@type":"ImageObject","inLanguage":"de","@id":"https:\/\/www.sg-obereichstaett.de\/#\/schema\/logo\/image\/","url":"https:\/\/www.sg-obereichstaett.de\/wp-content\/uploads\/2019\/12\/cropped-sgoei-logo_512-4.png","contentUrl":"https:\/\/www.sg-obereichstaett.de\/wp-content\/uploads\/2019\/12\/cropped-sgoei-logo_512-4.png","width":250,"height":250,"caption":"SG Obereichst\u00e4tt"},"image":{"@id":"https:\/\/www.sg-obereichstaett.de\/#\/schema\/logo\/image\/"}}]}},"jetpack_sharing_enabled":true,"_links":{"self":[{"href":"https:\/\/www.sg-obereichstaett.de\/index.php\/wp-json\/wp\/v2\/pages\/97","targetHints":{"allow":["GET"]}}],"collection":[{"href":"https:\/\/www.sg-obereichstaett.de\/index.php\/wp-json\/wp\/v2\/pages"}],"about":[{"href":"https:\/\/www.sg-obereichstaett.de\/index.php\/wp-json\/wp\/v2\/types\/page"}],"author":[{"embeddable":true,"href":"https:\/\/www.sg-obereichstaett.de\/index.php\/wp-json\/wp\/v2\/users\/1"}],"replies":[{"embeddable":true,"href":"https:\/\/www.sg-obereichstaett.de\/index.php\/wp-json\/wp\/v2\/comments?post=97"}],"version-history":[{"count":1,"href":"https:\/\/www.sg-obereichstaett.de\/index.php\/wp-json\/wp\/v2\/pages\/97\/revisions"}],"predecessor-version":[{"id":106,"href":"https:\/\/www.sg-obereichstaett.de\/index.php\/wp-json\/wp\/v2\/pages\/97\/revisions\/106"}],"wp:attachment":[{"href":"https:\/\/www.sg-obereichstaett.de\/index.php\/wp-json\/wp\/v2\/media?parent=97"}],"curies":[{"name":"wp","href":"https:\/\/api.w.org\/{rel}","templated":true}]}}