{"id":88,"date":"2020-01-28T18:54:13","date_gmt":"2020-01-28T18:54:13","guid":{"rendered":"https:\/\/www.sg-obereichstaett.de\/?page_id=88"},"modified":"2024-12-02T17:41:09","modified_gmt":"2024-12-02T17:41:09","slug":"links","status":"publish","type":"page","link":"https:\/\/www.sg-obereichstaett.de\/index.php\/links\/","title":{"rendered":"Links"},"content":{"rendered":"\n<h2 class=\"wp-block-heading\">Patenvereine<\/h2>\n\n\n\n<div class=\"wp-block-buttons is-content-justification-center is-layout-flex wp-container-core-buttons-is-layout-a89b3969 wp-block-buttons-is-layout-flex\">\n<div class=\"wp-block-button\"><a class=\"wp-block-button__link wp-element-button\" href=\"https:\/\/www.jurahoehe-rupertsbuch.de\/\">SV &#8222;Jurah\u00f6he&#8220; Rupertsbuch<\/a><\/div>\n\n\n\n<div class=\"wp-block-button\"><a class=\"wp-block-button__link wp-element-button\" href=\"https:\/\/sv-dollnstein.de\/\">SV &#8222;Burgsteinfelsen&#8220; Dollnstein<\/a><\/div>\n<\/div>\n\n\n\n<h2 class=\"wp-block-heading\"><\/h2>\n\n\n\n<h2 class=\"wp-block-heading\">Verb\u00e4nde<\/h2>\n\n\n\n<div class=\"wp-block-buttons is-content-justification-center is-layout-flex wp-container-core-buttons-is-layout-a89b3969 wp-block-buttons-is-layout-flex\">\n<div class=\"wp-block-button\"><a class=\"wp-block-button__link wp-element-button\" href=\"https:\/\/www.schuetzengau-eichstaett.de\/\">Sch\u00fctzengau Eichst\u00e4tt<\/a><\/div>\n\n\n\n<div class=\"wp-block-button\"><a class=\"wp-block-button__link wp-element-button\" href=\"https:\/\/www.bssb-msb.de\/index.cfm?\">Mittelfr\u00e4nk. Sch\u00fctzenbund<\/a><\/div>\n\n\n\n<div class=\"wp-block-button\"><a class=\"wp-block-button__link wp-element-button\" href=\"https:\/\/www.bssb.de\/\">Bayer. Sportsch\u00fctzenbund<\/a><\/div>\n\n\n\n<div class=\"wp-block-button\"><a class=\"wp-block-button__link wp-element-button\" href=\"https:\/\/www.dsb.de\/\">Deutscher Sportsch\u00fctzenbund<\/a><\/div>\n<\/div>\n\n\n\n<p><\/p>\n\n\n\n<h2 class=\"wp-block-heading\">Ortsvereine\/Gemeinde<\/h2>\n\n\n\n<div class=\"wp-block-buttons is-content-justification-center is-layout-flex wp-container-core-buttons-is-layout-a89b3969 wp-block-buttons-is-layout-flex\">\n<div class=\"wp-block-button\"><a class=\"wp-block-button__link wp-element-button\" href=\"https:\/\/fv-obereichstaett.de\/\">Fu\u00dfballverein Obereichst\u00e4tt<\/a><\/div>\n\n\n\n<div class=\"wp-block-button\"><a class=\"wp-block-button__link wp-element-button\" href=\"https:\/\/www.bibertreiber.de\/\">D&#8217;Bibertreiber<\/a><\/div>\n\n\n\n<div class=\"wp-block-button\"><a class=\"wp-block-button__link wp-element-button\" href=\"https:\/\/www.dollnstein.de\/\">Markt Dollnstein<\/a><\/div>\n\n\n\n<div class=\"wp-block-button\"><a class=\"wp-block-button__link wp-element-button\" href=\"https:\/\/www.dollnstein.de\/vereine\/uebersicht\/\">Vereine Gemeindebereich<\/a><\/div>\n<\/div>\n\n\n\n<p><\/p>\n","protected":false},"excerpt":{"rendered":"<p>Patenvereine Verb\u00e4nde Ortsvereine\/Gemeinde<\/p>\n","protected":false},"author":1,"featured_media":0,"parent":0,"menu_order":0,"comment_status":"closed","ping_status":"closed","template":"","meta":{"colormag_page_layout":"default_layout","footnotes":""},"class_list":["post-88","page","type-page","status-publish","hentry"],"yoast_head":"<!-- This site is optimized with the Yoast SEO plugin v22.9 - https:\/\/yoast.com\/wordpress\/plugins\/seo\/ -->\n<title>Links - SG Obereichst\u00e4tt<\/title>\n<meta name=\"robots\" content=\"index, follow, max-snippet:-1, max-image-preview:large, max-video-preview:-1\" \/>\n<link rel=\"canonical\" href=\"https:\/\/www.sg-obereichstaett.de\/index.php\/links\/\" \/>\n<meta property=\"og:locale\" content=\"de_DE\" \/>\n<meta property=\"og:type\" content=\"article\" \/>\n<meta property=\"og:title\" content=\"Links - SG Obereichst\u00e4tt\" \/>\n<meta property=\"og:description\" content=\"Patenvereine Verb\u00e4nde Ortsvereine\/Gemeinde\" \/>\n<meta property=\"og:url\" content=\"https:\/\/www.sg-obereichstaett.de\/index.php\/links\/\" \/>\n<meta property=\"og:site_name\" content=\"SG Obereichst\u00e4tt\" \/>\n<meta property=\"article:modified_time\" content=\"2024-12-02T17:41:09+00:00\" \/>\n<meta name=\"twitter:card\" content=\"summary_large_image\" \/>\n<meta name=\"twitter:label1\" content=\"Gesch\u00e4tzte Lesezeit\" \/>\n\t<meta name=\"twitter:data1\" content=\"1\u00a0Minute\" \/>\n<script type=\"application\/ld+json\" class=\"yoast-schema-graph\">{\"@context\":\"https:\/\/schema.org\",\"@graph\":[{\"@type\":\"WebPage\",\"@id\":\"https:\/\/www.sg-obereichstaett.de\/index.php\/links\/\",\"url\":\"https:\/\/www.sg-obereichstaett.de\/index.php\/links\/\",\"name\":\"Links - SG Obereichst\u00e4tt\",\"isPartOf\":{\"@id\":\"https:\/\/www.sg-obereichstaett.de\/#website\"},\"datePublished\":\"2020-01-28T18:54:13+00:00\",\"dateModified\":\"2024-12-02T17:41:09+00:00\",\"breadcrumb\":{\"@id\":\"https:\/\/www.sg-obereichstaett.de\/index.php\/links\/#breadcrumb\"},\"inLanguage\":\"de\",\"potentialAction\":[{\"@type\":\"ReadAction\",\"target\":[\"https:\/\/www.sg-obereichstaett.de\/index.php\/links\/\"]}]},{\"@type\":\"BreadcrumbList\",\"@id\":\"https:\/\/www.sg-obereichstaett.de\/index.php\/links\/#breadcrumb\",\"itemListElement\":[{\"@type\":\"ListItem\",\"position\":1,\"name\":\"Home\",\"item\":\"https:\/\/www.sg-obereichstaett.de\/\"},{\"@type\":\"ListItem\",\"position\":2,\"name\":\"Links\"}]},{\"@type\":\"WebSite\",\"@id\":\"https:\/\/www.sg-obereichstaett.de\/#website\",\"url\":\"https:\/\/www.sg-obereichstaett.de\/\",\"name\":\"SG Obereichst\u00e4tt\",\"description\":\"Sch\u00fctzengesellschaft &quot;Gut Heil&quot; Obereichst\u00e4tt 1884 e.V.\",\"publisher\":{\"@id\":\"https:\/\/www.sg-obereichstaett.de\/#organization\"},\"potentialAction\":[{\"@type\":\"SearchAction\",\"target\":{\"@type\":\"EntryPoint\",\"urlTemplate\":\"https:\/\/www.sg-obereichstaett.de\/?s={search_term_string}\"},\"query-input\":\"required name=search_term_string\"}],\"inLanguage\":\"de\"},{\"@type\":\"Organization\",\"@id\":\"https:\/\/www.sg-obereichstaett.de\/#organization\",\"name\":\"SG Obereichst\u00e4tt\",\"url\":\"https:\/\/www.sg-obereichstaett.de\/\",\"logo\":{\"@type\":\"ImageObject\",\"inLanguage\":\"de\",\"@id\":\"https:\/\/www.sg-obereichstaett.de\/#\/schema\/logo\/image\/\",\"url\":\"https:\/\/www.sg-obereichstaett.de\/wp-content\/uploads\/2019\/12\/cropped-sgoei-logo_512-4.png\",\"contentUrl\":\"https:\/\/www.sg-obereichstaett.de\/wp-content\/uploads\/2019\/12\/cropped-sgoei-logo_512-4.png\",\"width\":250,\"height\":250,\"caption\":\"SG Obereichst\u00e4tt\"},\"image\":{\"@id\":\"https:\/\/www.sg-obereichstaett.de\/#\/schema\/logo\/image\/\"}}]}<\/script>\n<!-- \/ Yoast SEO plugin. -->","yoast_head_json":{"title":"Links - SG Obereichst\u00e4tt","robots":{"index":"index","follow":"follow","max-snippet":"max-snippet:-1","max-image-preview":"max-image-preview:large","max-video-preview":"max-video-preview:-1"},"canonical":"https:\/\/www.sg-obereichstaett.de\/index.php\/links\/","og_locale":"de_DE","og_type":"article","og_title":"Links - SG Obereichst\u00e4tt","og_description":"Patenvereine Verb\u00e4nde Ortsvereine\/Gemeinde","og_url":"https:\/\/www.sg-obereichstaett.de\/index.php\/links\/","og_site_name":"SG Obereichst\u00e4tt","article_modified_time":"2024-12-02T17:41:09+00:00","twitter_card":"summary_large_image","twitter_misc":{"Gesch\u00e4tzte Lesezeit":"1\u00a0Minute"},"schema":{"@context":"https:\/\/schema.org","@graph":[{"@type":"WebPage","@id":"https:\/\/www.sg-obereichstaett.de\/index.php\/links\/","url":"https:\/\/www.sg-obereichstaett.de\/index.php\/links\/","name":"Links - SG Obereichst\u00e4tt","isPartOf":{"@id":"https:\/\/www.sg-obereichstaett.de\/#website"},"datePublished":"2020-01-28T18:54:13+00:00","dateModified":"2024-12-02T17:41:09+00:00","breadcrumb":{"@id":"https:\/\/www.sg-obereichstaett.de\/index.php\/links\/#breadcrumb"},"inLanguage":"de","potentialAction":[{"@type":"ReadAction","target":["https:\/\/www.sg-obereichstaett.de\/index.php\/links\/"]}]},{"@type":"BreadcrumbList","@id":"https:\/\/www.sg-obereichstaett.de\/index.php\/links\/#breadcrumb","itemListElement":[{"@type":"ListItem","position":1,"name":"Home","item":"https:\/\/www.sg-obereichstaett.de\/"},{"@type":"ListItem","position":2,"name":"Links"}]},{"@type":"WebSite","@id":"https:\/\/www.sg-obereichstaett.de\/#website","url":"https:\/\/www.sg-obereichstaett.de\/","name":"SG Obereichst\u00e4tt","description":"Sch\u00fctzengesellschaft &quot;Gut Heil&quot; Obereichst\u00e4tt 1884 e.V.","publisher":{"@id":"https:\/\/www.sg-obereichstaett.de\/#organization"},"potentialAction":[{"@type":"SearchAction","target":{"@type":"EntryPoint","urlTemplate":"https:\/\/www.sg-obereichstaett.de\/?s={search_term_string}"},"query-input":"required name=search_term_string"}],"inLanguage":"de"},{"@type":"Organization","@id":"https:\/\/www.sg-obereichstaett.de\/#organization","name":"SG Obereichst\u00e4tt","url":"https:\/\/www.sg-obereichstaett.de\/","logo":{"@type":"ImageObject","inLanguage":"de","@id":"https:\/\/www.sg-obereichstaett.de\/#\/schema\/logo\/image\/","url":"https:\/\/www.sg-obereichstaett.de\/wp-content\/uploads\/2019\/12\/cropped-sgoei-logo_512-4.png","contentUrl":"https:\/\/www.sg-obereichstaett.de\/wp-content\/uploads\/2019\/12\/cropped-sgoei-logo_512-4.png","width":250,"height":250,"caption":"SG Obereichst\u00e4tt"},"image":{"@id":"https:\/\/www.sg-obereichstaett.de\/#\/schema\/logo\/image\/"}}]}},"jetpack_sharing_enabled":true,"_links":{"self":[{"href":"https:\/\/www.sg-obereichstaett.de\/index.php\/wp-json\/wp\/v2\/pages\/88","targetHints":{"allow":["GET"]}}],"collection":[{"href":"https:\/\/www.sg-obereichstaett.de\/index.php\/wp-json\/wp\/v2\/pages"}],"about":[{"href":"https:\/\/www.sg-obereichstaett.de\/index.php\/wp-json\/wp\/v2\/types\/page"}],"author":[{"embeddable":true,"href":"https:\/\/www.sg-obereichstaett.de\/index.php\/wp-json\/wp\/v2\/users\/1"}],"replies":[{"embeddable":true,"href":"https:\/\/www.sg-obereichstaett.de\/index.php\/wp-json\/wp\/v2\/comments?post=88"}],"version-history":[{"count":4,"href":"https:\/\/www.sg-obereichstaett.de\/index.php\/wp-json\/wp\/v2\/pages\/88\/revisions"}],"predecessor-version":[{"id":583,"href":"https:\/\/www.sg-obereichstaett.de\/index.php\/wp-json\/wp\/v2\/pages\/88\/revisions\/583"}],"wp:attachment":[{"href":"https:\/\/www.sg-obereichstaett.de\/index.php\/wp-json\/wp\/v2\/media?parent=88"}],"curies":[{"name":"wp","href":"https:\/\/api.w.org\/{rel}","templated":true}]}}