{"id":27,"date":"2020-01-28T16:56:56","date_gmt":"2020-01-28T16:56:56","guid":{"rendered":"https:\/\/www.sg-obereichstaett.de\/?page_id=27"},"modified":"2024-02-12T10:06:07","modified_gmt":"2024-02-12T10:06:07","slug":"huettenwerk-boeller","status":"publish","type":"page","link":"https:\/\/www.sg-obereichstaett.de\/index.php\/huettenwerk-boeller\/","title":{"rendered":"H\u00fcttenwerk-B\u00f6ller"},"content":{"rendered":"\n<p>Der Sch\u00fctzenverein verf\u00fcgt \u00fcber eine im Jahr 1910 erbaute Kanone.<\/p>\n\n\n\n<p>Hier zeigt eine alte Aufahme die vereinseigene Schallkanone beim Salutschie\u00dfen anl\u00e4sslich zum 100-j\u00e4hrigen Jubil\u00e4um des M\u00e4nnergesangsvereins Obereichst\u00e4tt, das am 14. u. 15. Juli 1962 gefeiert wurde. Damals lud Sebastian Mayer, Hausname Gsteuch Vielwerth, die Kanone im H\u00fcttenwerk-Steinbruch Obereichst\u00e4tt zum Salut!<\/p>\n\n\n\n<figure class=\"wp-block-image size-full\"><img loading=\"lazy\" decoding=\"async\" width=\"762\" height=\"577\" src=\"https:\/\/www.sg-obereichstaett.de\/wp-content\/uploads\/2024\/02\/Salut_1962.jpg\" alt=\"\" class=\"wp-image-359\" srcset=\"https:\/\/www.sg-obereichstaett.de\/wp-content\/uploads\/2024\/02\/Salut_1962.jpg 762w, https:\/\/www.sg-obereichstaett.de\/wp-content\/uploads\/2024\/02\/Salut_1962-300x227.jpg 300w\" sizes=\"auto, (max-width: 762px) 100vw, 762px\" \/><figcaption class=\"wp-element-caption\">zur Verf\u00fcgung gestellt von Fr. Gertrud Mayer<\/figcaption><\/figure>\n\n\n\n<p>Unser \u201eVereinsjuwel\u201c verweilte lange Zeit im Stadel von Hans Vetter und wurde zum 125-j\u00e4hrigen Gr\u00fcndungsjubil\u00e4um unseres Sch\u00fctzenvereins &#8222;Gut Heil&#8220; 2009 in Eigenregie und vielen Arbeitsstunden von Dieter Vetter general\u00fcberholt und restauriert. Nach erfolgreicher Beschusspr\u00fcfung in F\u00fcrstenfeldbruck sowie einer abgelegten Schie\u00dfpr\u00fcfung, fand am Samstag den 13.06.09 um 18.00 Uhr das Probeschie\u00dfen &#8211; die Generalprobe zum Fest &#8211; statt. Unsere Sch\u00fctzenkameraden Anton Ru\u00dfer, Dieter und Robert Vetter luden mit fachm\u00e4nnischem Geschick die B\u00f6ller zum Salut. Abgefeuert an der Schernfelder Br\u00fccke waren die B\u00f6llerschl\u00e4ge weit im Tal zu h\u00f6ren. Die Kanone wird seitdem an regelm\u00e4\u00dfig zu Anl\u00e4ssen wie Jahreswechsel und Volkstrauertag geladen. <\/p>\n\n\n\n<figure class=\"wp-block-image size-large\"><img loading=\"lazy\" decoding=\"async\" width=\"800\" height=\"523\" src=\"https:\/\/www.sg-obereichstaett.de\/wp-content\/uploads\/2020\/01\/boeller_4.jpg\" alt=\"\" class=\"wp-image-29\" srcset=\"https:\/\/www.sg-obereichstaett.de\/wp-content\/uploads\/2020\/01\/boeller_4.jpg 800w, https:\/\/www.sg-obereichstaett.de\/wp-content\/uploads\/2020\/01\/boeller_4-300x196.jpg 300w, https:\/\/www.sg-obereichstaett.de\/wp-content\/uploads\/2020\/01\/boeller_4-768x502.jpg 768w\" sizes=\"auto, (max-width: 800px) 100vw, 800px\" \/><figcaption class=\"wp-element-caption\">Camera<\/figcaption><\/figure>\n","protected":false},"excerpt":{"rendered":"<p>Der Sch\u00fctzenverein verf\u00fcgt \u00fcber eine im Jahr 1910 erbaute Kanone. Hier zeigt eine alte Aufahme die vereinseigene Schallkanone beim Salutschie\u00dfen<\/p>\n","protected":false},"author":1,"featured_media":0,"parent":0,"menu_order":0,"comment_status":"closed","ping_status":"closed","template":"","meta":{"colormag_page_layout":"default_layout","footnotes":""},"class_list":["post-27","page","type-page","status-publish","hentry"],"yoast_head":"<!-- This site is optimized with the Yoast SEO plugin v22.9 - https:\/\/yoast.com\/wordpress\/plugins\/seo\/ -->\n<title>H\u00fcttenwerk-B\u00f6ller - SG Obereichst\u00e4tt<\/title>\n<meta name=\"robots\" content=\"index, follow, max-snippet:-1, max-image-preview:large, max-video-preview:-1\" \/>\n<link rel=\"canonical\" href=\"https:\/\/www.sg-obereichstaett.de\/index.php\/huettenwerk-boeller\/\" \/>\n<meta property=\"og:locale\" content=\"de_DE\" \/>\n<meta property=\"og:type\" content=\"article\" \/>\n<meta property=\"og:title\" content=\"H\u00fcttenwerk-B\u00f6ller - SG Obereichst\u00e4tt\" \/>\n<meta property=\"og:description\" content=\"Der Sch\u00fctzenverein verf\u00fcgt \u00fcber eine im Jahr 1910 erbaute Kanone. Hier zeigt eine alte Aufahme die vereinseigene Schallkanone beim Salutschie\u00dfen\" \/>\n<meta property=\"og:url\" content=\"https:\/\/www.sg-obereichstaett.de\/index.php\/huettenwerk-boeller\/\" \/>\n<meta property=\"og:site_name\" content=\"SG Obereichst\u00e4tt\" \/>\n<meta property=\"article:modified_time\" content=\"2024-02-12T10:06:07+00:00\" \/>\n<meta property=\"og:image\" content=\"https:\/\/www.sg-obereichstaett.de\/wp-content\/uploads\/2024\/02\/Salut_1962.jpg\" \/>\n<meta name=\"twitter:card\" content=\"summary_large_image\" \/>\n<meta name=\"twitter:label1\" content=\"Gesch\u00e4tzte Lesezeit\" \/>\n\t<meta name=\"twitter:data1\" content=\"2\u00a0Minuten\" \/>\n<script type=\"application\/ld+json\" class=\"yoast-schema-graph\">{\"@context\":\"https:\/\/schema.org\",\"@graph\":[{\"@type\":\"WebPage\",\"@id\":\"https:\/\/www.sg-obereichstaett.de\/index.php\/huettenwerk-boeller\/\",\"url\":\"https:\/\/www.sg-obereichstaett.de\/index.php\/huettenwerk-boeller\/\",\"name\":\"H\u00fcttenwerk-B\u00f6ller - SG Obereichst\u00e4tt\",\"isPartOf\":{\"@id\":\"https:\/\/www.sg-obereichstaett.de\/#website\"},\"primaryImageOfPage\":{\"@id\":\"https:\/\/www.sg-obereichstaett.de\/index.php\/huettenwerk-boeller\/#primaryimage\"},\"image\":{\"@id\":\"https:\/\/www.sg-obereichstaett.de\/index.php\/huettenwerk-boeller\/#primaryimage\"},\"thumbnailUrl\":\"https:\/\/www.sg-obereichstaett.de\/wp-content\/uploads\/2024\/02\/Salut_1962.jpg\",\"datePublished\":\"2020-01-28T16:56:56+00:00\",\"dateModified\":\"2024-02-12T10:06:07+00:00\",\"breadcrumb\":{\"@id\":\"https:\/\/www.sg-obereichstaett.de\/index.php\/huettenwerk-boeller\/#breadcrumb\"},\"inLanguage\":\"de\",\"potentialAction\":[{\"@type\":\"ReadAction\",\"target\":[\"https:\/\/www.sg-obereichstaett.de\/index.php\/huettenwerk-boeller\/\"]}]},{\"@type\":\"ImageObject\",\"inLanguage\":\"de\",\"@id\":\"https:\/\/www.sg-obereichstaett.de\/index.php\/huettenwerk-boeller\/#primaryimage\",\"url\":\"https:\/\/www.sg-obereichstaett.de\/wp-content\/uploads\/2024\/02\/Salut_1962.jpg\",\"contentUrl\":\"https:\/\/www.sg-obereichstaett.de\/wp-content\/uploads\/2024\/02\/Salut_1962.jpg\",\"width\":762,\"height\":577},{\"@type\":\"BreadcrumbList\",\"@id\":\"https:\/\/www.sg-obereichstaett.de\/index.php\/huettenwerk-boeller\/#breadcrumb\",\"itemListElement\":[{\"@type\":\"ListItem\",\"position\":1,\"name\":\"Home\",\"item\":\"https:\/\/www.sg-obereichstaett.de\/\"},{\"@type\":\"ListItem\",\"position\":2,\"name\":\"H\u00fcttenwerk-B\u00f6ller\"}]},{\"@type\":\"WebSite\",\"@id\":\"https:\/\/www.sg-obereichstaett.de\/#website\",\"url\":\"https:\/\/www.sg-obereichstaett.de\/\",\"name\":\"SG Obereichst\u00e4tt\",\"description\":\"Sch\u00fctzengesellschaft &quot;Gut Heil&quot; Obereichst\u00e4tt 1884 e.V.\",\"publisher\":{\"@id\":\"https:\/\/www.sg-obereichstaett.de\/#organization\"},\"potentialAction\":[{\"@type\":\"SearchAction\",\"target\":{\"@type\":\"EntryPoint\",\"urlTemplate\":\"https:\/\/www.sg-obereichstaett.de\/?s={search_term_string}\"},\"query-input\":\"required name=search_term_string\"}],\"inLanguage\":\"de\"},{\"@type\":\"Organization\",\"@id\":\"https:\/\/www.sg-obereichstaett.de\/#organization\",\"name\":\"SG Obereichst\u00e4tt\",\"url\":\"https:\/\/www.sg-obereichstaett.de\/\",\"logo\":{\"@type\":\"ImageObject\",\"inLanguage\":\"de\",\"@id\":\"https:\/\/www.sg-obereichstaett.de\/#\/schema\/logo\/image\/\",\"url\":\"https:\/\/www.sg-obereichstaett.de\/wp-content\/uploads\/2019\/12\/cropped-sgoei-logo_512-4.png\",\"contentUrl\":\"https:\/\/www.sg-obereichstaett.de\/wp-content\/uploads\/2019\/12\/cropped-sgoei-logo_512-4.png\",\"width\":250,\"height\":250,\"caption\":\"SG Obereichst\u00e4tt\"},\"image\":{\"@id\":\"https:\/\/www.sg-obereichstaett.de\/#\/schema\/logo\/image\/\"}}]}<\/script>\n<!-- \/ Yoast SEO plugin. -->","yoast_head_json":{"title":"H\u00fcttenwerk-B\u00f6ller - SG Obereichst\u00e4tt","robots":{"index":"index","follow":"follow","max-snippet":"max-snippet:-1","max-image-preview":"max-image-preview:large","max-video-preview":"max-video-preview:-1"},"canonical":"https:\/\/www.sg-obereichstaett.de\/index.php\/huettenwerk-boeller\/","og_locale":"de_DE","og_type":"article","og_title":"H\u00fcttenwerk-B\u00f6ller - SG Obereichst\u00e4tt","og_description":"Der Sch\u00fctzenverein verf\u00fcgt \u00fcber eine im Jahr 1910 erbaute Kanone. Hier zeigt eine alte Aufahme die vereinseigene Schallkanone beim Salutschie\u00dfen","og_url":"https:\/\/www.sg-obereichstaett.de\/index.php\/huettenwerk-boeller\/","og_site_name":"SG Obereichst\u00e4tt","article_modified_time":"2024-02-12T10:06:07+00:00","og_image":[{"url":"https:\/\/www.sg-obereichstaett.de\/wp-content\/uploads\/2024\/02\/Salut_1962.jpg"}],"twitter_card":"summary_large_image","twitter_misc":{"Gesch\u00e4tzte Lesezeit":"2\u00a0Minuten"},"schema":{"@context":"https:\/\/schema.org","@graph":[{"@type":"WebPage","@id":"https:\/\/www.sg-obereichstaett.de\/index.php\/huettenwerk-boeller\/","url":"https:\/\/www.sg-obereichstaett.de\/index.php\/huettenwerk-boeller\/","name":"H\u00fcttenwerk-B\u00f6ller - SG Obereichst\u00e4tt","isPartOf":{"@id":"https:\/\/www.sg-obereichstaett.de\/#website"},"primaryImageOfPage":{"@id":"https:\/\/www.sg-obereichstaett.de\/index.php\/huettenwerk-boeller\/#primaryimage"},"image":{"@id":"https:\/\/www.sg-obereichstaett.de\/index.php\/huettenwerk-boeller\/#primaryimage"},"thumbnailUrl":"https:\/\/www.sg-obereichstaett.de\/wp-content\/uploads\/2024\/02\/Salut_1962.jpg","datePublished":"2020-01-28T16:56:56+00:00","dateModified":"2024-02-12T10:06:07+00:00","breadcrumb":{"@id":"https:\/\/www.sg-obereichstaett.de\/index.php\/huettenwerk-boeller\/#breadcrumb"},"inLanguage":"de","potentialAction":[{"@type":"ReadAction","target":["https:\/\/www.sg-obereichstaett.de\/index.php\/huettenwerk-boeller\/"]}]},{"@type":"ImageObject","inLanguage":"de","@id":"https:\/\/www.sg-obereichstaett.de\/index.php\/huettenwerk-boeller\/#primaryimage","url":"https:\/\/www.sg-obereichstaett.de\/wp-content\/uploads\/2024\/02\/Salut_1962.jpg","contentUrl":"https:\/\/www.sg-obereichstaett.de\/wp-content\/uploads\/2024\/02\/Salut_1962.jpg","width":762,"height":577},{"@type":"BreadcrumbList","@id":"https:\/\/www.sg-obereichstaett.de\/index.php\/huettenwerk-boeller\/#breadcrumb","itemListElement":[{"@type":"ListItem","position":1,"name":"Home","item":"https:\/\/www.sg-obereichstaett.de\/"},{"@type":"ListItem","position":2,"name":"H\u00fcttenwerk-B\u00f6ller"}]},{"@type":"WebSite","@id":"https:\/\/www.sg-obereichstaett.de\/#website","url":"https:\/\/www.sg-obereichstaett.de\/","name":"SG Obereichst\u00e4tt","description":"Sch\u00fctzengesellschaft &quot;Gut Heil&quot; Obereichst\u00e4tt 1884 e.V.","publisher":{"@id":"https:\/\/www.sg-obereichstaett.de\/#organization"},"potentialAction":[{"@type":"SearchAction","target":{"@type":"EntryPoint","urlTemplate":"https:\/\/www.sg-obereichstaett.de\/?s={search_term_string}"},"query-input":"required name=search_term_string"}],"inLanguage":"de"},{"@type":"Organization","@id":"https:\/\/www.sg-obereichstaett.de\/#organization","name":"SG Obereichst\u00e4tt","url":"https:\/\/www.sg-obereichstaett.de\/","logo":{"@type":"ImageObject","inLanguage":"de","@id":"https:\/\/www.sg-obereichstaett.de\/#\/schema\/logo\/image\/","url":"https:\/\/www.sg-obereichstaett.de\/wp-content\/uploads\/2019\/12\/cropped-sgoei-logo_512-4.png","contentUrl":"https:\/\/www.sg-obereichstaett.de\/wp-content\/uploads\/2019\/12\/cropped-sgoei-logo_512-4.png","width":250,"height":250,"caption":"SG Obereichst\u00e4tt"},"image":{"@id":"https:\/\/www.sg-obereichstaett.de\/#\/schema\/logo\/image\/"}}]}},"jetpack_sharing_enabled":true,"_links":{"self":[{"href":"https:\/\/www.sg-obereichstaett.de\/index.php\/wp-json\/wp\/v2\/pages\/27","targetHints":{"allow":["GET"]}}],"collection":[{"href":"https:\/\/www.sg-obereichstaett.de\/index.php\/wp-json\/wp\/v2\/pages"}],"about":[{"href":"https:\/\/www.sg-obereichstaett.de\/index.php\/wp-json\/wp\/v2\/types\/page"}],"author":[{"embeddable":true,"href":"https:\/\/www.sg-obereichstaett.de\/index.php\/wp-json\/wp\/v2\/users\/1"}],"replies":[{"embeddable":true,"href":"https:\/\/www.sg-obereichstaett.de\/index.php\/wp-json\/wp\/v2\/comments?post=27"}],"version-history":[{"count":5,"href":"https:\/\/www.sg-obereichstaett.de\/index.php\/wp-json\/wp\/v2\/pages\/27\/revisions"}],"predecessor-version":[{"id":360,"href":"https:\/\/www.sg-obereichstaett.de\/index.php\/wp-json\/wp\/v2\/pages\/27\/revisions\/360"}],"wp:attachment":[{"href":"https:\/\/www.sg-obereichstaett.de\/index.php\/wp-json\/wp\/v2\/media?parent=27"}],"curies":[{"name":"wp","href":"https:\/\/api.w.org\/{rel}","templated":true}]}}