{"id":166,"date":"2020-02-27T19:57:23","date_gmt":"2020-02-27T19:57:23","guid":{"rendered":"https:\/\/www.sg-obereichstaett.de\/?page_id=166"},"modified":"2024-01-07T18:23:04","modified_gmt":"2024-01-07T18:23:04","slug":"sport","status":"publish","type":"page","link":"https:\/\/www.sg-obereichstaett.de\/index.php\/sport\/","title":{"rendered":"Sport"},"content":{"rendered":"\n<p>unser Sch\u00fctzenverein verf\u00fcgt \u00fcber 10 vollelektronische 10m-Schie\u00dfst\u00e4nde, die f\u00fcr Luftgewehr u. Luftpistole geeignet bzw. abgenommen sind. <\/p>\n\n\n\n<p>Beim Sportschie\u00dfen gilt es, die Scheibenmitte durch Gleichgewicht von K\u00f6rper und Geist anzuvisieren. Dadurch werden unterschiedlichste Bestandteile wie Kraft+Ausdauer, Konzentration, Koordination, Reaktionsschnelligkeit und die Balance gef\u00f6rdert!<\/p>\n\n\n\n<p>Derzeit nehmen wir im Sch\u00fctzengau Eichst\u00e4tt mit Luftgewehrmannschaften an den Rundenwettk\u00e4mpfen teil. Ebenso fahren wir zu Preis- u. Jubil\u00e4umsschie\u00dfen und treten zu Meisterschaften an den Schie\u00dfstand  (Gaumeisterschaft ist nicht nur der Einzel- u. Mannschaftsvergleich auf &#8222;Gauebene&#8220;, sondern Vorraussetzung f\u00fcr die Qualifizierung zur anschl. mittelfr\u00e4nkischen Bezirks-, bayerischen u. deutschen Meisterschaft) \u00c4hnlich anderer Sportarten werden auch beim Sportschie\u00dfen die Sch\u00fctzeninnen u. Sch\u00fctzen in Altersgruppen eingeteilt.<\/p>\n\n\n\n<p><\/p>\n\n\n\n<h2 class=\"wp-block-heading\">Ausprobieren? Jederzeit!!<\/h2>\n\n\n\n<p>Wer Interesse am Sportschie\u00dfen hat, ist bei uns jeder Zeit herzlich Willkommen. Egal, ob im Rahmen der Trainingstage oder direkt auf der Stra\u00dfe angesprochen, \u00f6ffenen wir unser Sch\u00fctzenhaus gern, um euch die olympische Pr\u00e4zisionssportart n\u00e4her zu bringen! <\/p>\n\n\n\n<p>F\u00fcr Selbstverst\u00e4ndlich sehen es wir im Verein an, unseren Beitrag zum Sport durch Aufkl\u00e4rungsarbeit gegen\u00fcber den, in unterschiedlichsten Medien zum Teil sehr irritierenden bzw. kritischen, ver\u00f6ffentlichten Beitr\u00e4gen u. Berichten, zu leisten!<\/p>\n\n\n\n<h3 class=\"wp-block-heading\">hier wirds technisch &#8211; Schie\u00dfen in Zahlen<\/h3>\n\n\n\n<figure class=\"wp-block-table aligncenter has-medium-font-size\"><table><tbody><tr><td>Entfernung zwischen Sch\u00fctzen und Ziel<\/td><td class=\"has-text-align-left\" data-align=\"left\">10m<\/td><\/tr><tr><td>Gewicht Luftgewehr<\/td><td class=\"has-text-align-left\" data-align=\"left\">maximal 5,5kg <\/td><\/tr><tr><td>Gewicht Luftpistole<\/td><td class=\"has-text-align-left\" data-align=\"left\">maximal 1,5kg<\/td><\/tr><tr><td>Munition<\/td><td class=\"has-text-align-left\" data-align=\"left\">Bleikugel mit Kaliber 4,5mm<\/td><\/tr><tr><td>Abzugsgewicht<\/td><td class=\"has-text-align-left\" data-align=\"left\">mind. 500g<\/td><\/tr><tr><td>M\u00fcndungs- bzw. Geschossenergie<\/td><td class=\"has-text-align-left\" data-align=\"left\">7,5 Joule<\/td><\/tr><tr><td>Luftgewehrscheibe<\/td><td class=\"has-text-align-left\" data-align=\"left\">Die &#8222;Zehn&#8220; hat einen Durchmesser von 0,5 Millimeter, <br>die&#8220;Neun&#8220; bis zur &#8222;Eins&#8220; haben je 2,5 Millimeter Abstand zum vorherigen<\/td><\/tr><tr><td>Luftpistolenscheibe<\/td><td class=\"has-text-align-left\" data-align=\"left\">Die &#8222;Zehn&#8220; hat einen Durchmesser von 11,5 Millimeter, <br>die&#8220;Neun&#8220; bis zur &#8222;Eins&#8220; haben je 16 Millimeter Abstand zum vorherigen<\/td><\/tr><\/tbody><\/table><\/figure>\n\n\n\n<p> <\/p>\n\n\n\n<div class=\"wp-block-buttons is-layout-flex wp-block-buttons-is-layout-flex\">\n<div class=\"wp-block-button\"><a class=\"wp-block-button__link wp-element-button\" href=\"https:\/\/www.dsb.de\/recht\/schiessstaetten\/schiessstandordnungen\/\">DSB Schie\u00dfstandordnung f. Schusswaffen<\/a><\/div>\n<\/div>\n\n\n\n<p><\/p>\n","protected":false},"excerpt":{"rendered":"<p>unser Sch\u00fctzenverein verf\u00fcgt \u00fcber 10 vollelektronische 10m-Schie\u00dfst\u00e4nde, die f\u00fcr Luftgewehr u. Luftpistole geeignet bzw. abgenommen sind. Beim Sportschie\u00dfen gilt es,<\/p>\n","protected":false},"author":1,"featured_media":0,"parent":0,"menu_order":0,"comment_status":"closed","ping_status":"closed","template":"","meta":{"colormag_page_layout":"default_layout","footnotes":""},"class_list":["post-166","page","type-page","status-publish","hentry"],"yoast_head":"<!-- This site is optimized with the Yoast SEO plugin v22.9 - https:\/\/yoast.com\/wordpress\/plugins\/seo\/ -->\n<title>Sport - SG Obereichst\u00e4tt<\/title>\n<meta name=\"robots\" content=\"index, follow, max-snippet:-1, max-image-preview:large, max-video-preview:-1\" \/>\n<link rel=\"canonical\" href=\"https:\/\/www.sg-obereichstaett.de\/index.php\/sport\/\" \/>\n<meta property=\"og:locale\" content=\"de_DE\" \/>\n<meta property=\"og:type\" content=\"article\" \/>\n<meta property=\"og:title\" content=\"Sport - SG Obereichst\u00e4tt\" \/>\n<meta property=\"og:description\" content=\"unser Sch\u00fctzenverein verf\u00fcgt \u00fcber 10 vollelektronische 10m-Schie\u00dfst\u00e4nde, die f\u00fcr Luftgewehr u. Luftpistole geeignet bzw. abgenommen sind. Beim Sportschie\u00dfen gilt es,\" \/>\n<meta property=\"og:url\" content=\"https:\/\/www.sg-obereichstaett.de\/index.php\/sport\/\" \/>\n<meta property=\"og:site_name\" content=\"SG Obereichst\u00e4tt\" \/>\n<meta property=\"article:modified_time\" content=\"2024-01-07T18:23:04+00:00\" \/>\n<meta name=\"twitter:card\" content=\"summary_large_image\" \/>\n<meta name=\"twitter:label1\" content=\"Gesch\u00e4tzte Lesezeit\" \/>\n\t<meta name=\"twitter:data1\" content=\"2\u00a0Minuten\" \/>\n<script type=\"application\/ld+json\" class=\"yoast-schema-graph\">{\"@context\":\"https:\/\/schema.org\",\"@graph\":[{\"@type\":\"WebPage\",\"@id\":\"https:\/\/www.sg-obereichstaett.de\/index.php\/sport\/\",\"url\":\"https:\/\/www.sg-obereichstaett.de\/index.php\/sport\/\",\"name\":\"Sport - SG Obereichst\u00e4tt\",\"isPartOf\":{\"@id\":\"https:\/\/www.sg-obereichstaett.de\/#website\"},\"datePublished\":\"2020-02-27T19:57:23+00:00\",\"dateModified\":\"2024-01-07T18:23:04+00:00\",\"breadcrumb\":{\"@id\":\"https:\/\/www.sg-obereichstaett.de\/index.php\/sport\/#breadcrumb\"},\"inLanguage\":\"de\",\"potentialAction\":[{\"@type\":\"ReadAction\",\"target\":[\"https:\/\/www.sg-obereichstaett.de\/index.php\/sport\/\"]}]},{\"@type\":\"BreadcrumbList\",\"@id\":\"https:\/\/www.sg-obereichstaett.de\/index.php\/sport\/#breadcrumb\",\"itemListElement\":[{\"@type\":\"ListItem\",\"position\":1,\"name\":\"Home\",\"item\":\"https:\/\/www.sg-obereichstaett.de\/\"},{\"@type\":\"ListItem\",\"position\":2,\"name\":\"Sport\"}]},{\"@type\":\"WebSite\",\"@id\":\"https:\/\/www.sg-obereichstaett.de\/#website\",\"url\":\"https:\/\/www.sg-obereichstaett.de\/\",\"name\":\"SG Obereichst\u00e4tt\",\"description\":\"Sch\u00fctzengesellschaft &quot;Gut Heil&quot; Obereichst\u00e4tt 1884 e.V.\",\"publisher\":{\"@id\":\"https:\/\/www.sg-obereichstaett.de\/#organization\"},\"potentialAction\":[{\"@type\":\"SearchAction\",\"target\":{\"@type\":\"EntryPoint\",\"urlTemplate\":\"https:\/\/www.sg-obereichstaett.de\/?s={search_term_string}\"},\"query-input\":\"required name=search_term_string\"}],\"inLanguage\":\"de\"},{\"@type\":\"Organization\",\"@id\":\"https:\/\/www.sg-obereichstaett.de\/#organization\",\"name\":\"SG Obereichst\u00e4tt\",\"url\":\"https:\/\/www.sg-obereichstaett.de\/\",\"logo\":{\"@type\":\"ImageObject\",\"inLanguage\":\"de\",\"@id\":\"https:\/\/www.sg-obereichstaett.de\/#\/schema\/logo\/image\/\",\"url\":\"https:\/\/www.sg-obereichstaett.de\/wp-content\/uploads\/2019\/12\/cropped-sgoei-logo_512-4.png\",\"contentUrl\":\"https:\/\/www.sg-obereichstaett.de\/wp-content\/uploads\/2019\/12\/cropped-sgoei-logo_512-4.png\",\"width\":250,\"height\":250,\"caption\":\"SG Obereichst\u00e4tt\"},\"image\":{\"@id\":\"https:\/\/www.sg-obereichstaett.de\/#\/schema\/logo\/image\/\"}}]}<\/script>\n<!-- \/ Yoast SEO plugin. -->","yoast_head_json":{"title":"Sport - SG Obereichst\u00e4tt","robots":{"index":"index","follow":"follow","max-snippet":"max-snippet:-1","max-image-preview":"max-image-preview:large","max-video-preview":"max-video-preview:-1"},"canonical":"https:\/\/www.sg-obereichstaett.de\/index.php\/sport\/","og_locale":"de_DE","og_type":"article","og_title":"Sport - SG Obereichst\u00e4tt","og_description":"unser Sch\u00fctzenverein verf\u00fcgt \u00fcber 10 vollelektronische 10m-Schie\u00dfst\u00e4nde, die f\u00fcr Luftgewehr u. Luftpistole geeignet bzw. abgenommen sind. Beim Sportschie\u00dfen gilt es,","og_url":"https:\/\/www.sg-obereichstaett.de\/index.php\/sport\/","og_site_name":"SG Obereichst\u00e4tt","article_modified_time":"2024-01-07T18:23:04+00:00","twitter_card":"summary_large_image","twitter_misc":{"Gesch\u00e4tzte Lesezeit":"2\u00a0Minuten"},"schema":{"@context":"https:\/\/schema.org","@graph":[{"@type":"WebPage","@id":"https:\/\/www.sg-obereichstaett.de\/index.php\/sport\/","url":"https:\/\/www.sg-obereichstaett.de\/index.php\/sport\/","name":"Sport - SG Obereichst\u00e4tt","isPartOf":{"@id":"https:\/\/www.sg-obereichstaett.de\/#website"},"datePublished":"2020-02-27T19:57:23+00:00","dateModified":"2024-01-07T18:23:04+00:00","breadcrumb":{"@id":"https:\/\/www.sg-obereichstaett.de\/index.php\/sport\/#breadcrumb"},"inLanguage":"de","potentialAction":[{"@type":"ReadAction","target":["https:\/\/www.sg-obereichstaett.de\/index.php\/sport\/"]}]},{"@type":"BreadcrumbList","@id":"https:\/\/www.sg-obereichstaett.de\/index.php\/sport\/#breadcrumb","itemListElement":[{"@type":"ListItem","position":1,"name":"Home","item":"https:\/\/www.sg-obereichstaett.de\/"},{"@type":"ListItem","position":2,"name":"Sport"}]},{"@type":"WebSite","@id":"https:\/\/www.sg-obereichstaett.de\/#website","url":"https:\/\/www.sg-obereichstaett.de\/","name":"SG Obereichst\u00e4tt","description":"Sch\u00fctzengesellschaft &quot;Gut Heil&quot; Obereichst\u00e4tt 1884 e.V.","publisher":{"@id":"https:\/\/www.sg-obereichstaett.de\/#organization"},"potentialAction":[{"@type":"SearchAction","target":{"@type":"EntryPoint","urlTemplate":"https:\/\/www.sg-obereichstaett.de\/?s={search_term_string}"},"query-input":"required name=search_term_string"}],"inLanguage":"de"},{"@type":"Organization","@id":"https:\/\/www.sg-obereichstaett.de\/#organization","name":"SG Obereichst\u00e4tt","url":"https:\/\/www.sg-obereichstaett.de\/","logo":{"@type":"ImageObject","inLanguage":"de","@id":"https:\/\/www.sg-obereichstaett.de\/#\/schema\/logo\/image\/","url":"https:\/\/www.sg-obereichstaett.de\/wp-content\/uploads\/2019\/12\/cropped-sgoei-logo_512-4.png","contentUrl":"https:\/\/www.sg-obereichstaett.de\/wp-content\/uploads\/2019\/12\/cropped-sgoei-logo_512-4.png","width":250,"height":250,"caption":"SG Obereichst\u00e4tt"},"image":{"@id":"https:\/\/www.sg-obereichstaett.de\/#\/schema\/logo\/image\/"}}]}},"jetpack_sharing_enabled":true,"_links":{"self":[{"href":"https:\/\/www.sg-obereichstaett.de\/index.php\/wp-json\/wp\/v2\/pages\/166","targetHints":{"allow":["GET"]}}],"collection":[{"href":"https:\/\/www.sg-obereichstaett.de\/index.php\/wp-json\/wp\/v2\/pages"}],"about":[{"href":"https:\/\/www.sg-obereichstaett.de\/index.php\/wp-json\/wp\/v2\/types\/page"}],"author":[{"embeddable":true,"href":"https:\/\/www.sg-obereichstaett.de\/index.php\/wp-json\/wp\/v2\/users\/1"}],"replies":[{"embeddable":true,"href":"https:\/\/www.sg-obereichstaett.de\/index.php\/wp-json\/wp\/v2\/comments?post=166"}],"version-history":[{"count":10,"href":"https:\/\/www.sg-obereichstaett.de\/index.php\/wp-json\/wp\/v2\/pages\/166\/revisions"}],"predecessor-version":[{"id":342,"href":"https:\/\/www.sg-obereichstaett.de\/index.php\/wp-json\/wp\/v2\/pages\/166\/revisions\/342"}],"wp:attachment":[{"href":"https:\/\/www.sg-obereichstaett.de\/index.php\/wp-json\/wp\/v2\/media?parent=166"}],"curies":[{"name":"wp","href":"https:\/\/api.w.org\/{rel}","templated":true}]}}