{"id":163,"date":"2020-02-27T19:56:02","date_gmt":"2020-02-27T19:56:02","guid":{"rendered":"https:\/\/www.sg-obereichstaett.de\/?page_id=163"},"modified":"2025-08-29T14:55:51","modified_gmt":"2025-08-29T14:55:51","slug":"kontakt","status":"publish","type":"page","link":"https:\/\/www.sg-obereichstaett.de\/index.php\/kontakt\/","title":{"rendered":"Kontakt"},"content":{"rendered":"\n<p><strong>(Hier wird deine Nachricht direkt ans Sch\u00fctzenmeisteramt weitergeleitet)<\/strong><\/p>\n\n\n<div class=\"wp-block-jetpack-contact-form\"><a href=\"https:\/\/www.sg-obereichstaett.de\/index.php\/kontakt\/\" target=\"_blank\" rel=\"noopener noreferrer\">Formular einreichen.<\/a><\/div>","protected":false},"excerpt":{"rendered":"<p>(Hier wird deine Nachricht direkt ans Sch\u00fctzenmeisteramt weitergeleitet)<\/p>\n","protected":false},"author":1,"featured_media":0,"parent":0,"menu_order":0,"comment_status":"closed","ping_status":"closed","template":"","meta":{"colormag_page_layout":"default_layout","footnotes":""},"class_list":["post-163","page","type-page","status-publish","hentry"],"yoast_head":"<!-- This site is optimized with the Yoast SEO plugin v22.9 - https:\/\/yoast.com\/wordpress\/plugins\/seo\/ -->\n<title>Kontakt - SG Obereichst\u00e4tt<\/title>\n<meta name=\"robots\" content=\"index, follow, max-snippet:-1, max-image-preview:large, max-video-preview:-1\" \/>\n<link rel=\"canonical\" href=\"https:\/\/www.sg-obereichstaett.de\/index.php\/kontakt\/\" \/>\n<meta property=\"og:locale\" content=\"de_DE\" \/>\n<meta property=\"og:type\" content=\"article\" \/>\n<meta property=\"og:title\" content=\"Kontakt - SG Obereichst\u00e4tt\" \/>\n<meta property=\"og:description\" content=\"(Hier wird deine Nachricht direkt ans Sch\u00fctzenmeisteramt weitergeleitet)\" \/>\n<meta property=\"og:url\" content=\"https:\/\/www.sg-obereichstaett.de\/index.php\/kontakt\/\" \/>\n<meta property=\"og:site_name\" content=\"SG Obereichst\u00e4tt\" \/>\n<meta property=\"article:modified_time\" content=\"2025-08-29T14:55:51+00:00\" \/>\n<meta name=\"twitter:card\" content=\"summary_large_image\" \/>\n<meta name=\"twitter:label1\" content=\"Gesch\u00e4tzte Lesezeit\" \/>\n\t<meta name=\"twitter:data1\" content=\"1\u00a0Minute\" \/>\n<script type=\"application\/ld+json\" class=\"yoast-schema-graph\">{\"@context\":\"https:\/\/schema.org\",\"@graph\":[{\"@type\":\"WebPage\",\"@id\":\"https:\/\/www.sg-obereichstaett.de\/index.php\/kontakt\/\",\"url\":\"https:\/\/www.sg-obereichstaett.de\/index.php\/kontakt\/\",\"name\":\"Kontakt - SG Obereichst\u00e4tt\",\"isPartOf\":{\"@id\":\"https:\/\/www.sg-obereichstaett.de\/#website\"},\"datePublished\":\"2020-02-27T19:56:02+00:00\",\"dateModified\":\"2025-08-29T14:55:51+00:00\",\"breadcrumb\":{\"@id\":\"https:\/\/www.sg-obereichstaett.de\/index.php\/kontakt\/#breadcrumb\"},\"inLanguage\":\"de\",\"potentialAction\":[{\"@type\":\"ReadAction\",\"target\":[\"https:\/\/www.sg-obereichstaett.de\/index.php\/kontakt\/\"]}]},{\"@type\":\"BreadcrumbList\",\"@id\":\"https:\/\/www.sg-obereichstaett.de\/index.php\/kontakt\/#breadcrumb\",\"itemListElement\":[{\"@type\":\"ListItem\",\"position\":1,\"name\":\"Home\",\"item\":\"https:\/\/www.sg-obereichstaett.de\/\"},{\"@type\":\"ListItem\",\"position\":2,\"name\":\"Kontakt\"}]},{\"@type\":\"WebSite\",\"@id\":\"https:\/\/www.sg-obereichstaett.de\/#website\",\"url\":\"https:\/\/www.sg-obereichstaett.de\/\",\"name\":\"SG Obereichst\u00e4tt\",\"description\":\"Sch\u00fctzengesellschaft &quot;Gut Heil&quot; Obereichst\u00e4tt 1884 e.V.\",\"publisher\":{\"@id\":\"https:\/\/www.sg-obereichstaett.de\/#organization\"},\"potentialAction\":[{\"@type\":\"SearchAction\",\"target\":{\"@type\":\"EntryPoint\",\"urlTemplate\":\"https:\/\/www.sg-obereichstaett.de\/?s={search_term_string}\"},\"query-input\":\"required name=search_term_string\"}],\"inLanguage\":\"de\"},{\"@type\":\"Organization\",\"@id\":\"https:\/\/www.sg-obereichstaett.de\/#organization\",\"name\":\"SG Obereichst\u00e4tt\",\"url\":\"https:\/\/www.sg-obereichstaett.de\/\",\"logo\":{\"@type\":\"ImageObject\",\"inLanguage\":\"de\",\"@id\":\"https:\/\/www.sg-obereichstaett.de\/#\/schema\/logo\/image\/\",\"url\":\"https:\/\/www.sg-obereichstaett.de\/wp-content\/uploads\/2019\/12\/cropped-sgoei-logo_512-4.png\",\"contentUrl\":\"https:\/\/www.sg-obereichstaett.de\/wp-content\/uploads\/2019\/12\/cropped-sgoei-logo_512-4.png\",\"width\":250,\"height\":250,\"caption\":\"SG Obereichst\u00e4tt\"},\"image\":{\"@id\":\"https:\/\/www.sg-obereichstaett.de\/#\/schema\/logo\/image\/\"}}]}<\/script>\n<!-- \/ Yoast SEO plugin. -->","yoast_head_json":{"title":"Kontakt - SG Obereichst\u00e4tt","robots":{"index":"index","follow":"follow","max-snippet":"max-snippet:-1","max-image-preview":"max-image-preview:large","max-video-preview":"max-video-preview:-1"},"canonical":"https:\/\/www.sg-obereichstaett.de\/index.php\/kontakt\/","og_locale":"de_DE","og_type":"article","og_title":"Kontakt - SG Obereichst\u00e4tt","og_description":"(Hier wird deine Nachricht direkt ans Sch\u00fctzenmeisteramt weitergeleitet)","og_url":"https:\/\/www.sg-obereichstaett.de\/index.php\/kontakt\/","og_site_name":"SG Obereichst\u00e4tt","article_modified_time":"2025-08-29T14:55:51+00:00","twitter_card":"summary_large_image","twitter_misc":{"Gesch\u00e4tzte Lesezeit":"1\u00a0Minute"},"schema":{"@context":"https:\/\/schema.org","@graph":[{"@type":"WebPage","@id":"https:\/\/www.sg-obereichstaett.de\/index.php\/kontakt\/","url":"https:\/\/www.sg-obereichstaett.de\/index.php\/kontakt\/","name":"Kontakt - SG Obereichst\u00e4tt","isPartOf":{"@id":"https:\/\/www.sg-obereichstaett.de\/#website"},"datePublished":"2020-02-27T19:56:02+00:00","dateModified":"2025-08-29T14:55:51+00:00","breadcrumb":{"@id":"https:\/\/www.sg-obereichstaett.de\/index.php\/kontakt\/#breadcrumb"},"inLanguage":"de","potentialAction":[{"@type":"ReadAction","target":["https:\/\/www.sg-obereichstaett.de\/index.php\/kontakt\/"]}]},{"@type":"BreadcrumbList","@id":"https:\/\/www.sg-obereichstaett.de\/index.php\/kontakt\/#breadcrumb","itemListElement":[{"@type":"ListItem","position":1,"name":"Home","item":"https:\/\/www.sg-obereichstaett.de\/"},{"@type":"ListItem","position":2,"name":"Kontakt"}]},{"@type":"WebSite","@id":"https:\/\/www.sg-obereichstaett.de\/#website","url":"https:\/\/www.sg-obereichstaett.de\/","name":"SG Obereichst\u00e4tt","description":"Sch\u00fctzengesellschaft &quot;Gut Heil&quot; Obereichst\u00e4tt 1884 e.V.","publisher":{"@id":"https:\/\/www.sg-obereichstaett.de\/#organization"},"potentialAction":[{"@type":"SearchAction","target":{"@type":"EntryPoint","urlTemplate":"https:\/\/www.sg-obereichstaett.de\/?s={search_term_string}"},"query-input":"required name=search_term_string"}],"inLanguage":"de"},{"@type":"Organization","@id":"https:\/\/www.sg-obereichstaett.de\/#organization","name":"SG Obereichst\u00e4tt","url":"https:\/\/www.sg-obereichstaett.de\/","logo":{"@type":"ImageObject","inLanguage":"de","@id":"https:\/\/www.sg-obereichstaett.de\/#\/schema\/logo\/image\/","url":"https:\/\/www.sg-obereichstaett.de\/wp-content\/uploads\/2019\/12\/cropped-sgoei-logo_512-4.png","contentUrl":"https:\/\/www.sg-obereichstaett.de\/wp-content\/uploads\/2019\/12\/cropped-sgoei-logo_512-4.png","width":250,"height":250,"caption":"SG Obereichst\u00e4tt"},"image":{"@id":"https:\/\/www.sg-obereichstaett.de\/#\/schema\/logo\/image\/"}}]}},"jetpack_sharing_enabled":true,"_links":{"self":[{"href":"https:\/\/www.sg-obereichstaett.de\/index.php\/wp-json\/wp\/v2\/pages\/163","targetHints":{"allow":["GET"]}}],"collection":[{"href":"https:\/\/www.sg-obereichstaett.de\/index.php\/wp-json\/wp\/v2\/pages"}],"about":[{"href":"https:\/\/www.sg-obereichstaett.de\/index.php\/wp-json\/wp\/v2\/types\/page"}],"author":[{"embeddable":true,"href":"https:\/\/www.sg-obereichstaett.de\/index.php\/wp-json\/wp\/v2\/users\/1"}],"replies":[{"embeddable":true,"href":"https:\/\/www.sg-obereichstaett.de\/index.php\/wp-json\/wp\/v2\/comments?post=163"}],"version-history":[{"count":10,"href":"https:\/\/www.sg-obereichstaett.de\/index.php\/wp-json\/wp\/v2\/pages\/163\/revisions"}],"predecessor-version":[{"id":729,"href":"https:\/\/www.sg-obereichstaett.de\/index.php\/wp-json\/wp\/v2\/pages\/163\/revisions\/729"}],"wp:attachment":[{"href":"https:\/\/www.sg-obereichstaett.de\/index.php\/wp-json\/wp\/v2\/media?parent=163"}],"curies":[{"name":"wp","href":"https:\/\/api.w.org\/{rel}","templated":true}]}}