{"id":153,"date":"2020-02-27T19:54:02","date_gmt":"2020-02-27T19:54:02","guid":{"rendered":"https:\/\/www.sg-obereichstaett.de\/?page_id=153"},"modified":"2024-04-15T05:52:29","modified_gmt":"2024-04-15T05:52:29","slug":"mannschaften","status":"publish","type":"page","link":"https:\/\/www.sg-obereichstaett.de\/index.php\/mannschaften\/","title":{"rendered":"1. Mannschaft &#8211; Sch\u00fctzengau Eichst\u00e4tt B-Klasse 2"},"content":{"rendered":"\n<p><span style=\"text-decoration: underline;\">Ergebnisabruf \u00fcber RWK-Shooting <\/span><\/p>\n\n\n\n<div class=\"wp-block-buttons is-layout-flex wp-block-buttons-is-layout-flex\">\n<div class=\"wp-block-button\"><a class=\"wp-block-button__link wp-element-button\" href=\"https:\/\/www.rwk-shooting.de\/drucken\/index.php?page=18&amp;info=\">2023\/2024 Ergebnisse<\/a><\/div>\n<\/div>\n\n\n\n<p><span style=\"text-decoration: underline;\">RWK Terminplan<\/span> <\/p>\n\n\n\n<figure class=\"wp-block-image size-large\"><img loading=\"lazy\" decoding=\"async\" width=\"1024\" height=\"1011\" src=\"https:\/\/www.sg-obereichstaett.de\/wp-content\/uploads\/2024\/04\/Termine_SGO1-1024x1011.jpg\" alt=\"\" class=\"wp-image-417\" srcset=\"https:\/\/www.sg-obereichstaett.de\/wp-content\/uploads\/2024\/04\/Termine_SGO1-1024x1011.jpg 1024w, https:\/\/www.sg-obereichstaett.de\/wp-content\/uploads\/2024\/04\/Termine_SGO1-300x296.jpg 300w, https:\/\/www.sg-obereichstaett.de\/wp-content\/uploads\/2024\/04\/Termine_SGO1-768x758.jpg 768w, https:\/\/www.sg-obereichstaett.de\/wp-content\/uploads\/2024\/04\/Termine_SGO1.jpg 1392w\" sizes=\"auto, (max-width: 1024px) 100vw, 1024px\" \/><\/figure>\n\n\n\n<p><\/p>\n","protected":false},"excerpt":{"rendered":"<p>Ergebnisabruf \u00fcber RWK-Shooting RWK Terminplan<\/p>\n","protected":false},"author":1,"featured_media":0,"parent":0,"menu_order":0,"comment_status":"closed","ping_status":"closed","template":"","meta":{"colormag_page_layout":"default_layout","footnotes":""},"class_list":["post-153","page","type-page","status-publish","hentry"],"yoast_head":"<!-- This site is optimized with the Yoast SEO plugin v22.9 - https:\/\/yoast.com\/wordpress\/plugins\/seo\/ -->\n<title>1. Mannschaft - Sch\u00fctzengau Eichst\u00e4tt B-Klasse 2 - SG Obereichst\u00e4tt<\/title>\n<meta name=\"robots\" content=\"index, follow, max-snippet:-1, max-image-preview:large, max-video-preview:-1\" \/>\n<link rel=\"canonical\" href=\"https:\/\/www.sg-obereichstaett.de\/index.php\/mannschaften\/\" \/>\n<meta property=\"og:locale\" content=\"de_DE\" \/>\n<meta property=\"og:type\" content=\"article\" \/>\n<meta property=\"og:title\" content=\"1. Mannschaft - Sch\u00fctzengau Eichst\u00e4tt B-Klasse 2 - SG Obereichst\u00e4tt\" \/>\n<meta property=\"og:description\" content=\"Ergebnisabruf \u00fcber RWK-Shooting RWK Terminplan\" \/>\n<meta property=\"og:url\" content=\"https:\/\/www.sg-obereichstaett.de\/index.php\/mannschaften\/\" \/>\n<meta property=\"og:site_name\" content=\"SG Obereichst\u00e4tt\" \/>\n<meta property=\"article:modified_time\" content=\"2024-04-15T05:52:29+00:00\" \/>\n<meta property=\"og:image\" content=\"https:\/\/www.sg-obereichstaett.de\/wp-content\/uploads\/2024\/04\/Termine_SGO1-1024x1011.jpg\" \/>\n<meta name=\"twitter:card\" content=\"summary_large_image\" \/>\n<meta name=\"twitter:label1\" content=\"Gesch\u00e4tzte Lesezeit\" \/>\n\t<meta name=\"twitter:data1\" content=\"1\u00a0Minute\" \/>\n<script type=\"application\/ld+json\" class=\"yoast-schema-graph\">{\"@context\":\"https:\/\/schema.org\",\"@graph\":[{\"@type\":\"WebPage\",\"@id\":\"https:\/\/www.sg-obereichstaett.de\/index.php\/mannschaften\/\",\"url\":\"https:\/\/www.sg-obereichstaett.de\/index.php\/mannschaften\/\",\"name\":\"1. Mannschaft - Sch\u00fctzengau Eichst\u00e4tt B-Klasse 2 - SG Obereichst\u00e4tt\",\"isPartOf\":{\"@id\":\"https:\/\/www.sg-obereichstaett.de\/#website\"},\"primaryImageOfPage\":{\"@id\":\"https:\/\/www.sg-obereichstaett.de\/index.php\/mannschaften\/#primaryimage\"},\"image\":{\"@id\":\"https:\/\/www.sg-obereichstaett.de\/index.php\/mannschaften\/#primaryimage\"},\"thumbnailUrl\":\"https:\/\/www.sg-obereichstaett.de\/wp-content\/uploads\/2024\/04\/Termine_SGO1-1024x1011.jpg\",\"datePublished\":\"2020-02-27T19:54:02+00:00\",\"dateModified\":\"2024-04-15T05:52:29+00:00\",\"breadcrumb\":{\"@id\":\"https:\/\/www.sg-obereichstaett.de\/index.php\/mannschaften\/#breadcrumb\"},\"inLanguage\":\"de\",\"potentialAction\":[{\"@type\":\"ReadAction\",\"target\":[\"https:\/\/www.sg-obereichstaett.de\/index.php\/mannschaften\/\"]}]},{\"@type\":\"ImageObject\",\"inLanguage\":\"de\",\"@id\":\"https:\/\/www.sg-obereichstaett.de\/index.php\/mannschaften\/#primaryimage\",\"url\":\"https:\/\/www.sg-obereichstaett.de\/wp-content\/uploads\/2024\/04\/Termine_SGO1.jpg\",\"contentUrl\":\"https:\/\/www.sg-obereichstaett.de\/wp-content\/uploads\/2024\/04\/Termine_SGO1.jpg\",\"width\":1392,\"height\":1374},{\"@type\":\"BreadcrumbList\",\"@id\":\"https:\/\/www.sg-obereichstaett.de\/index.php\/mannschaften\/#breadcrumb\",\"itemListElement\":[{\"@type\":\"ListItem\",\"position\":1,\"name\":\"Home\",\"item\":\"https:\/\/www.sg-obereichstaett.de\/\"},{\"@type\":\"ListItem\",\"position\":2,\"name\":\"1. Mannschaft &#8211; Sch\u00fctzengau Eichst\u00e4tt B-Klasse 2\"}]},{\"@type\":\"WebSite\",\"@id\":\"https:\/\/www.sg-obereichstaett.de\/#website\",\"url\":\"https:\/\/www.sg-obereichstaett.de\/\",\"name\":\"SG Obereichst\u00e4tt\",\"description\":\"Sch\u00fctzengesellschaft &quot;Gut Heil&quot; Obereichst\u00e4tt 1884 e.V.\",\"publisher\":{\"@id\":\"https:\/\/www.sg-obereichstaett.de\/#organization\"},\"potentialAction\":[{\"@type\":\"SearchAction\",\"target\":{\"@type\":\"EntryPoint\",\"urlTemplate\":\"https:\/\/www.sg-obereichstaett.de\/?s={search_term_string}\"},\"query-input\":\"required name=search_term_string\"}],\"inLanguage\":\"de\"},{\"@type\":\"Organization\",\"@id\":\"https:\/\/www.sg-obereichstaett.de\/#organization\",\"name\":\"SG Obereichst\u00e4tt\",\"url\":\"https:\/\/www.sg-obereichstaett.de\/\",\"logo\":{\"@type\":\"ImageObject\",\"inLanguage\":\"de\",\"@id\":\"https:\/\/www.sg-obereichstaett.de\/#\/schema\/logo\/image\/\",\"url\":\"https:\/\/www.sg-obereichstaett.de\/wp-content\/uploads\/2019\/12\/cropped-sgoei-logo_512-4.png\",\"contentUrl\":\"https:\/\/www.sg-obereichstaett.de\/wp-content\/uploads\/2019\/12\/cropped-sgoei-logo_512-4.png\",\"width\":250,\"height\":250,\"caption\":\"SG Obereichst\u00e4tt\"},\"image\":{\"@id\":\"https:\/\/www.sg-obereichstaett.de\/#\/schema\/logo\/image\/\"}}]}<\/script>\n<!-- \/ Yoast SEO plugin. -->","yoast_head_json":{"title":"1. Mannschaft - Sch\u00fctzengau Eichst\u00e4tt B-Klasse 2 - SG Obereichst\u00e4tt","robots":{"index":"index","follow":"follow","max-snippet":"max-snippet:-1","max-image-preview":"max-image-preview:large","max-video-preview":"max-video-preview:-1"},"canonical":"https:\/\/www.sg-obereichstaett.de\/index.php\/mannschaften\/","og_locale":"de_DE","og_type":"article","og_title":"1. Mannschaft - Sch\u00fctzengau Eichst\u00e4tt B-Klasse 2 - SG Obereichst\u00e4tt","og_description":"Ergebnisabruf \u00fcber RWK-Shooting RWK Terminplan","og_url":"https:\/\/www.sg-obereichstaett.de\/index.php\/mannschaften\/","og_site_name":"SG Obereichst\u00e4tt","article_modified_time":"2024-04-15T05:52:29+00:00","og_image":[{"url":"https:\/\/www.sg-obereichstaett.de\/wp-content\/uploads\/2024\/04\/Termine_SGO1-1024x1011.jpg"}],"twitter_card":"summary_large_image","twitter_misc":{"Gesch\u00e4tzte Lesezeit":"1\u00a0Minute"},"schema":{"@context":"https:\/\/schema.org","@graph":[{"@type":"WebPage","@id":"https:\/\/www.sg-obereichstaett.de\/index.php\/mannschaften\/","url":"https:\/\/www.sg-obereichstaett.de\/index.php\/mannschaften\/","name":"1. Mannschaft - Sch\u00fctzengau Eichst\u00e4tt B-Klasse 2 - SG Obereichst\u00e4tt","isPartOf":{"@id":"https:\/\/www.sg-obereichstaett.de\/#website"},"primaryImageOfPage":{"@id":"https:\/\/www.sg-obereichstaett.de\/index.php\/mannschaften\/#primaryimage"},"image":{"@id":"https:\/\/www.sg-obereichstaett.de\/index.php\/mannschaften\/#primaryimage"},"thumbnailUrl":"https:\/\/www.sg-obereichstaett.de\/wp-content\/uploads\/2024\/04\/Termine_SGO1-1024x1011.jpg","datePublished":"2020-02-27T19:54:02+00:00","dateModified":"2024-04-15T05:52:29+00:00","breadcrumb":{"@id":"https:\/\/www.sg-obereichstaett.de\/index.php\/mannschaften\/#breadcrumb"},"inLanguage":"de","potentialAction":[{"@type":"ReadAction","target":["https:\/\/www.sg-obereichstaett.de\/index.php\/mannschaften\/"]}]},{"@type":"ImageObject","inLanguage":"de","@id":"https:\/\/www.sg-obereichstaett.de\/index.php\/mannschaften\/#primaryimage","url":"https:\/\/www.sg-obereichstaett.de\/wp-content\/uploads\/2024\/04\/Termine_SGO1.jpg","contentUrl":"https:\/\/www.sg-obereichstaett.de\/wp-content\/uploads\/2024\/04\/Termine_SGO1.jpg","width":1392,"height":1374},{"@type":"BreadcrumbList","@id":"https:\/\/www.sg-obereichstaett.de\/index.php\/mannschaften\/#breadcrumb","itemListElement":[{"@type":"ListItem","position":1,"name":"Home","item":"https:\/\/www.sg-obereichstaett.de\/"},{"@type":"ListItem","position":2,"name":"1. Mannschaft &#8211; Sch\u00fctzengau Eichst\u00e4tt B-Klasse 2"}]},{"@type":"WebSite","@id":"https:\/\/www.sg-obereichstaett.de\/#website","url":"https:\/\/www.sg-obereichstaett.de\/","name":"SG Obereichst\u00e4tt","description":"Sch\u00fctzengesellschaft &quot;Gut Heil&quot; Obereichst\u00e4tt 1884 e.V.","publisher":{"@id":"https:\/\/www.sg-obereichstaett.de\/#organization"},"potentialAction":[{"@type":"SearchAction","target":{"@type":"EntryPoint","urlTemplate":"https:\/\/www.sg-obereichstaett.de\/?s={search_term_string}"},"query-input":"required name=search_term_string"}],"inLanguage":"de"},{"@type":"Organization","@id":"https:\/\/www.sg-obereichstaett.de\/#organization","name":"SG Obereichst\u00e4tt","url":"https:\/\/www.sg-obereichstaett.de\/","logo":{"@type":"ImageObject","inLanguage":"de","@id":"https:\/\/www.sg-obereichstaett.de\/#\/schema\/logo\/image\/","url":"https:\/\/www.sg-obereichstaett.de\/wp-content\/uploads\/2019\/12\/cropped-sgoei-logo_512-4.png","contentUrl":"https:\/\/www.sg-obereichstaett.de\/wp-content\/uploads\/2019\/12\/cropped-sgoei-logo_512-4.png","width":250,"height":250,"caption":"SG Obereichst\u00e4tt"},"image":{"@id":"https:\/\/www.sg-obereichstaett.de\/#\/schema\/logo\/image\/"}}]}},"jetpack_sharing_enabled":true,"_links":{"self":[{"href":"https:\/\/www.sg-obereichstaett.de\/index.php\/wp-json\/wp\/v2\/pages\/153","targetHints":{"allow":["GET"]}}],"collection":[{"href":"https:\/\/www.sg-obereichstaett.de\/index.php\/wp-json\/wp\/v2\/pages"}],"about":[{"href":"https:\/\/www.sg-obereichstaett.de\/index.php\/wp-json\/wp\/v2\/types\/page"}],"author":[{"embeddable":true,"href":"https:\/\/www.sg-obereichstaett.de\/index.php\/wp-json\/wp\/v2\/users\/1"}],"replies":[{"embeddable":true,"href":"https:\/\/www.sg-obereichstaett.de\/index.php\/wp-json\/wp\/v2\/comments?post=153"}],"version-history":[{"count":9,"href":"https:\/\/www.sg-obereichstaett.de\/index.php\/wp-json\/wp\/v2\/pages\/153\/revisions"}],"predecessor-version":[{"id":427,"href":"https:\/\/www.sg-obereichstaett.de\/index.php\/wp-json\/wp\/v2\/pages\/153\/revisions\/427"}],"wp:attachment":[{"href":"https:\/\/www.sg-obereichstaett.de\/index.php\/wp-json\/wp\/v2\/media?parent=153"}],"curies":[{"name":"wp","href":"https:\/\/api.w.org\/{rel}","templated":true}]}}