{"id":131,"date":"2020-02-16T17:52:16","date_gmt":"2020-02-16T17:52:16","guid":{"rendered":"https:\/\/www.sg-obereichstaett.de\/?page_id=131"},"modified":"2024-02-29T20:10:39","modified_gmt":"2024-02-29T20:10:39","slug":"chronik","status":"publish","type":"page","link":"https:\/\/www.sg-obereichstaett.de\/index.php\/chronik\/","title":{"rendered":"Chronik"},"content":{"rendered":"\n<p><\/p>\n\n\n\n<p class=\"has-medium-font-size\">Am <strong>08.12.1884<\/strong> wurde eine Zimmerstutzengesellschaft zu Obereichst\u00e4tt im Gasthaus des Winhardt von 30 Freunden des Schie\u00dfsports gegr\u00fcndet.<\/p>\n\n\n\n<p class=\"has-medium-font-size\">Einige Nachfahren von den damaligen Gr\u00fcndungsmitgliedern sind auch heute aktiv im Sch\u00fctzenverein t\u00e4tig.<\/p>\n\n\n\n<p class=\"has-medium-font-size\">In den ersten Jahren wurde vor allem das gesellschaftliche Miteinander gepflegt. So wurden allj\u00e4hrlich Tanzkr\u00e4nzchen, Ausfl\u00fcge und Christbaumfeiern veranstaltet. Die Tanzkr\u00e4nzchen wurden \u00fcberwiegend am Rosenmontag abgehalten. Meistens fanden die Ausfl\u00fcge mit Musik in die n\u00e4here Umgebung (z. B. nach Birkhof, Parkhaus) statt.<\/p>\n\n\n\n<p class=\"has-medium-font-size\">Das erste im Protokollbuch erw\u00e4hnte Preisschie\u00dfen war am Pfingstmontag: <strong>07. Juni 1897<\/strong>. Es wurden Preise bis 15 Mark ausgegeben. Wer das erste Preisschie\u00dfen f\u00fcr sich entscheiden konnte, wurde leider nicht niedergeschrieben.<\/p>\n\n\n\n<p class=\"has-medium-font-size\">Im Jahr 1899 wurde der Vereinsbeitrag von 10 Pfennig auf 15 Pfennig pro Monat erh\u00f6ht.<\/p>\n\n\n\n<p class=\"has-medium-font-size\">Im Protokoll vom <strong>06. Januar 1900<\/strong> wurde neben der Wahl der Vorstandschaft das Vereinslokal von der Baierischen in die Winhardsche Wirtschaft verlegt (Anmerkung: ein fr\u00fcherer Eintrag zu einem Wechsel des Vereinslokals ist nicht niedergeschrieben). Auch wurden die Vereinsbeitr\u00e4ge von 15 Pfennig auf 10 Pfennig pro Monat reduziert.<\/p>\n\n\n\n<p class=\"has-medium-font-size\">Im Mai 1904 beschloss die Vorstandschaft ein Preisschie\u00dfen mit Tanzkr\u00e4nzchen abzuhalten. Dies wurde auf den <strong>12. Juni 1904<\/strong> festgesetzt. Als Ort der Abhaltung wurde das Vereinslokal (Bayersches Gasthaus) bestimmt.<\/p>\n\n\n\n<p class=\"has-medium-font-size\">&#8222;Jeder Sch\u00fctze, welcher schie\u00dft hat einen Schusseinsatz von 50 Pfennig zu entrichten.<\/p>\n\n\n\n<p class=\"has-medium-font-size\">Wenn ein solcher Sch\u00fctze tanzt, 20 Pfennig extra.<\/p>\n\n\n\n<p class=\"has-medium-font-size\">Mitglieder die tanzen und nicht schie\u00dfen haben 50 Pfennig zu zahlen.<\/p>\n\n\n\n<p class=\"has-medium-font-size\">Mitglieder die nicht tanzen und nicht schie\u00dfen haben 20 Pfennig zu zahlen.<\/p>\n\n\n\n<p class=\"has-medium-font-size\">Ausw\u00e4rtige Sch\u00fctzen zahlen 50 Pfennig Schussgeld und 20 Pfennig Eintritt.&#8220;<\/p>\n\n\n\n<p class=\"has-medium-font-size\">Erstmals werden zu diesem Preisschie\u00dfen ausw\u00e4rtige Vereine eingeladen, haben Vereinszeichen zu tragen und d\u00fcrfen nur mit dem Vereinsstutzen schie\u00dfen.<\/p>\n\n\n\n<p class=\"has-medium-font-size\">Laut der Niederschrift vom <strong>09. Januar 1910<\/strong> wurde der damalige <strong>Pfarrer Zwicker<\/strong> zum <strong>Ehrenmitglied<\/strong> bei der Sch\u00fctzengesellschaft aufgenommen.<\/p>\n\n\n\n<p class=\"has-medium-font-size\">Beim Preisschie\u00dfen des Jahres 1910 konnte Egid Schneider die Hauptscheibe f\u00fcr sich gewinnen. <\/p>\n\n\n\n<p><\/p>\n\n\n\n<figure class=\"wp-block-gallery aligncenter has-nested-images columns-default is-cropped wp-block-gallery-1 is-layout-flex wp-block-gallery-is-layout-flex\">\n<figure class=\"wp-block-image size-large\"><img loading=\"lazy\" decoding=\"async\" width=\"1001\" height=\"1024\" data-id=\"380\" src=\"https:\/\/www.sg-obereichstaett.de\/wp-content\/uploads\/2024\/02\/2023-04-21-19-17-0004-1001x1024.jpg\" alt=\"\" class=\"wp-image-380\" srcset=\"https:\/\/www.sg-obereichstaett.de\/wp-content\/uploads\/2024\/02\/2023-04-21-19-17-0004-1001x1024.jpg 1001w, https:\/\/www.sg-obereichstaett.de\/wp-content\/uploads\/2024\/02\/2023-04-21-19-17-0004-293x300.jpg 293w, https:\/\/www.sg-obereichstaett.de\/wp-content\/uploads\/2024\/02\/2023-04-21-19-17-0004-768x786.jpg 768w, https:\/\/www.sg-obereichstaett.de\/wp-content\/uploads\/2024\/02\/2023-04-21-19-17-0004.jpg 1032w\" sizes=\"auto, (max-width: 1001px) 100vw, 1001px\" \/><figcaption class=\"wp-element-caption\"><mark style=\"background-color:rgba(0, 0, 0, 0)\" class=\"has-inline-color has-black-color\">Hauptscheibe aus dem Jahr 1910<\/mark><\/figcaption><\/figure>\n<\/figure>\n\n\n\n<p><\/p>\n\n\n\n<p><\/p>\n\n\n\n<p class=\"has-medium-font-size\">1911: Um die Geselligkeit im Dorf zu beleben, beschloss die Vorstandschaft ein Gartenfest mit Musik in der H\u00fcttensch\u00e4nke abzuhalten. Erstmals wird in diesem Protokoll eine Kinderbelustigung erw\u00e4hnt.<\/p>\n","protected":false},"excerpt":{"rendered":"<p>Am 08.12.1884 wurde eine Zimmerstutzengesellschaft zu Obereichst\u00e4tt im Gasthaus des Winhardt von 30 Freunden des Schie\u00dfsports gegr\u00fcndet. Einige Nachfahren von<\/p>\n","protected":false},"author":1,"featured_media":0,"parent":0,"menu_order":0,"comment_status":"closed","ping_status":"closed","template":"","meta":{"colormag_page_layout":"default_layout","footnotes":""},"class_list":["post-131","page","type-page","status-publish","hentry"],"yoast_head":"<!-- This site is optimized with the Yoast SEO plugin v22.9 - https:\/\/yoast.com\/wordpress\/plugins\/seo\/ -->\n<title>Chronik - SG Obereichst\u00e4tt<\/title>\n<meta name=\"robots\" content=\"index, follow, max-snippet:-1, max-image-preview:large, max-video-preview:-1\" \/>\n<link rel=\"canonical\" href=\"https:\/\/www.sg-obereichstaett.de\/index.php\/chronik\/\" \/>\n<meta property=\"og:locale\" content=\"de_DE\" \/>\n<meta property=\"og:type\" content=\"article\" \/>\n<meta property=\"og:title\" content=\"Chronik - SG Obereichst\u00e4tt\" \/>\n<meta property=\"og:description\" content=\"Am 08.12.1884 wurde eine Zimmerstutzengesellschaft zu Obereichst\u00e4tt im Gasthaus des Winhardt von 30 Freunden des Schie\u00dfsports gegr\u00fcndet. Einige Nachfahren von\" \/>\n<meta property=\"og:url\" content=\"https:\/\/www.sg-obereichstaett.de\/index.php\/chronik\/\" \/>\n<meta property=\"og:site_name\" content=\"SG Obereichst\u00e4tt\" \/>\n<meta property=\"article:modified_time\" content=\"2024-02-29T20:10:39+00:00\" \/>\n<meta property=\"og:image\" content=\"https:\/\/www.sg-obereichstaett.de\/wp-content\/uploads\/2024\/02\/2023-04-21-19-17-0004-1001x1024.jpg\" \/>\n<meta name=\"twitter:card\" content=\"summary_large_image\" \/>\n<meta name=\"twitter:label1\" content=\"Gesch\u00e4tzte Lesezeit\" \/>\n\t<meta name=\"twitter:data1\" content=\"3\u00a0Minuten\" \/>\n<script type=\"application\/ld+json\" class=\"yoast-schema-graph\">{\"@context\":\"https:\/\/schema.org\",\"@graph\":[{\"@type\":\"WebPage\",\"@id\":\"https:\/\/www.sg-obereichstaett.de\/index.php\/chronik\/\",\"url\":\"https:\/\/www.sg-obereichstaett.de\/index.php\/chronik\/\",\"name\":\"Chronik - SG Obereichst\u00e4tt\",\"isPartOf\":{\"@id\":\"https:\/\/www.sg-obereichstaett.de\/#website\"},\"primaryImageOfPage\":{\"@id\":\"https:\/\/www.sg-obereichstaett.de\/index.php\/chronik\/#primaryimage\"},\"image\":{\"@id\":\"https:\/\/www.sg-obereichstaett.de\/index.php\/chronik\/#primaryimage\"},\"thumbnailUrl\":\"https:\/\/www.sg-obereichstaett.de\/wp-content\/uploads\/2024\/02\/2023-04-21-19-17-0004-1001x1024.jpg\",\"datePublished\":\"2020-02-16T17:52:16+00:00\",\"dateModified\":\"2024-02-29T20:10:39+00:00\",\"breadcrumb\":{\"@id\":\"https:\/\/www.sg-obereichstaett.de\/index.php\/chronik\/#breadcrumb\"},\"inLanguage\":\"de\",\"potentialAction\":[{\"@type\":\"ReadAction\",\"target\":[\"https:\/\/www.sg-obereichstaett.de\/index.php\/chronik\/\"]}]},{\"@type\":\"ImageObject\",\"inLanguage\":\"de\",\"@id\":\"https:\/\/www.sg-obereichstaett.de\/index.php\/chronik\/#primaryimage\",\"url\":\"https:\/\/www.sg-obereichstaett.de\/wp-content\/uploads\/2024\/02\/2023-04-21-19-17-0004.jpg\",\"contentUrl\":\"https:\/\/www.sg-obereichstaett.de\/wp-content\/uploads\/2024\/02\/2023-04-21-19-17-0004.jpg\",\"width\":1032,\"height\":1056},{\"@type\":\"BreadcrumbList\",\"@id\":\"https:\/\/www.sg-obereichstaett.de\/index.php\/chronik\/#breadcrumb\",\"itemListElement\":[{\"@type\":\"ListItem\",\"position\":1,\"name\":\"Home\",\"item\":\"https:\/\/www.sg-obereichstaett.de\/\"},{\"@type\":\"ListItem\",\"position\":2,\"name\":\"Chronik\"}]},{\"@type\":\"WebSite\",\"@id\":\"https:\/\/www.sg-obereichstaett.de\/#website\",\"url\":\"https:\/\/www.sg-obereichstaett.de\/\",\"name\":\"SG Obereichst\u00e4tt\",\"description\":\"Sch\u00fctzengesellschaft &quot;Gut Heil&quot; Obereichst\u00e4tt 1884 e.V.\",\"publisher\":{\"@id\":\"https:\/\/www.sg-obereichstaett.de\/#organization\"},\"potentialAction\":[{\"@type\":\"SearchAction\",\"target\":{\"@type\":\"EntryPoint\",\"urlTemplate\":\"https:\/\/www.sg-obereichstaett.de\/?s={search_term_string}\"},\"query-input\":\"required name=search_term_string\"}],\"inLanguage\":\"de\"},{\"@type\":\"Organization\",\"@id\":\"https:\/\/www.sg-obereichstaett.de\/#organization\",\"name\":\"SG Obereichst\u00e4tt\",\"url\":\"https:\/\/www.sg-obereichstaett.de\/\",\"logo\":{\"@type\":\"ImageObject\",\"inLanguage\":\"de\",\"@id\":\"https:\/\/www.sg-obereichstaett.de\/#\/schema\/logo\/image\/\",\"url\":\"https:\/\/www.sg-obereichstaett.de\/wp-content\/uploads\/2019\/12\/cropped-sgoei-logo_512-4.png\",\"contentUrl\":\"https:\/\/www.sg-obereichstaett.de\/wp-content\/uploads\/2019\/12\/cropped-sgoei-logo_512-4.png\",\"width\":250,\"height\":250,\"caption\":\"SG Obereichst\u00e4tt\"},\"image\":{\"@id\":\"https:\/\/www.sg-obereichstaett.de\/#\/schema\/logo\/image\/\"}}]}<\/script>\n<!-- \/ Yoast SEO plugin. -->","yoast_head_json":{"title":"Chronik - SG Obereichst\u00e4tt","robots":{"index":"index","follow":"follow","max-snippet":"max-snippet:-1","max-image-preview":"max-image-preview:large","max-video-preview":"max-video-preview:-1"},"canonical":"https:\/\/www.sg-obereichstaett.de\/index.php\/chronik\/","og_locale":"de_DE","og_type":"article","og_title":"Chronik - SG Obereichst\u00e4tt","og_description":"Am 08.12.1884 wurde eine Zimmerstutzengesellschaft zu Obereichst\u00e4tt im Gasthaus des Winhardt von 30 Freunden des Schie\u00dfsports gegr\u00fcndet. Einige Nachfahren von","og_url":"https:\/\/www.sg-obereichstaett.de\/index.php\/chronik\/","og_site_name":"SG Obereichst\u00e4tt","article_modified_time":"2024-02-29T20:10:39+00:00","og_image":[{"url":"https:\/\/www.sg-obereichstaett.de\/wp-content\/uploads\/2024\/02\/2023-04-21-19-17-0004-1001x1024.jpg"}],"twitter_card":"summary_large_image","twitter_misc":{"Gesch\u00e4tzte Lesezeit":"3\u00a0Minuten"},"schema":{"@context":"https:\/\/schema.org","@graph":[{"@type":"WebPage","@id":"https:\/\/www.sg-obereichstaett.de\/index.php\/chronik\/","url":"https:\/\/www.sg-obereichstaett.de\/index.php\/chronik\/","name":"Chronik - SG Obereichst\u00e4tt","isPartOf":{"@id":"https:\/\/www.sg-obereichstaett.de\/#website"},"primaryImageOfPage":{"@id":"https:\/\/www.sg-obereichstaett.de\/index.php\/chronik\/#primaryimage"},"image":{"@id":"https:\/\/www.sg-obereichstaett.de\/index.php\/chronik\/#primaryimage"},"thumbnailUrl":"https:\/\/www.sg-obereichstaett.de\/wp-content\/uploads\/2024\/02\/2023-04-21-19-17-0004-1001x1024.jpg","datePublished":"2020-02-16T17:52:16+00:00","dateModified":"2024-02-29T20:10:39+00:00","breadcrumb":{"@id":"https:\/\/www.sg-obereichstaett.de\/index.php\/chronik\/#breadcrumb"},"inLanguage":"de","potentialAction":[{"@type":"ReadAction","target":["https:\/\/www.sg-obereichstaett.de\/index.php\/chronik\/"]}]},{"@type":"ImageObject","inLanguage":"de","@id":"https:\/\/www.sg-obereichstaett.de\/index.php\/chronik\/#primaryimage","url":"https:\/\/www.sg-obereichstaett.de\/wp-content\/uploads\/2024\/02\/2023-04-21-19-17-0004.jpg","contentUrl":"https:\/\/www.sg-obereichstaett.de\/wp-content\/uploads\/2024\/02\/2023-04-21-19-17-0004.jpg","width":1032,"height":1056},{"@type":"BreadcrumbList","@id":"https:\/\/www.sg-obereichstaett.de\/index.php\/chronik\/#breadcrumb","itemListElement":[{"@type":"ListItem","position":1,"name":"Home","item":"https:\/\/www.sg-obereichstaett.de\/"},{"@type":"ListItem","position":2,"name":"Chronik"}]},{"@type":"WebSite","@id":"https:\/\/www.sg-obereichstaett.de\/#website","url":"https:\/\/www.sg-obereichstaett.de\/","name":"SG Obereichst\u00e4tt","description":"Sch\u00fctzengesellschaft &quot;Gut Heil&quot; Obereichst\u00e4tt 1884 e.V.","publisher":{"@id":"https:\/\/www.sg-obereichstaett.de\/#organization"},"potentialAction":[{"@type":"SearchAction","target":{"@type":"EntryPoint","urlTemplate":"https:\/\/www.sg-obereichstaett.de\/?s={search_term_string}"},"query-input":"required name=search_term_string"}],"inLanguage":"de"},{"@type":"Organization","@id":"https:\/\/www.sg-obereichstaett.de\/#organization","name":"SG Obereichst\u00e4tt","url":"https:\/\/www.sg-obereichstaett.de\/","logo":{"@type":"ImageObject","inLanguage":"de","@id":"https:\/\/www.sg-obereichstaett.de\/#\/schema\/logo\/image\/","url":"https:\/\/www.sg-obereichstaett.de\/wp-content\/uploads\/2019\/12\/cropped-sgoei-logo_512-4.png","contentUrl":"https:\/\/www.sg-obereichstaett.de\/wp-content\/uploads\/2019\/12\/cropped-sgoei-logo_512-4.png","width":250,"height":250,"caption":"SG Obereichst\u00e4tt"},"image":{"@id":"https:\/\/www.sg-obereichstaett.de\/#\/schema\/logo\/image\/"}}]}},"jetpack_sharing_enabled":true,"_links":{"self":[{"href":"https:\/\/www.sg-obereichstaett.de\/index.php\/wp-json\/wp\/v2\/pages\/131","targetHints":{"allow":["GET"]}}],"collection":[{"href":"https:\/\/www.sg-obereichstaett.de\/index.php\/wp-json\/wp\/v2\/pages"}],"about":[{"href":"https:\/\/www.sg-obereichstaett.de\/index.php\/wp-json\/wp\/v2\/types\/page"}],"author":[{"embeddable":true,"href":"https:\/\/www.sg-obereichstaett.de\/index.php\/wp-json\/wp\/v2\/users\/1"}],"replies":[{"embeddable":true,"href":"https:\/\/www.sg-obereichstaett.de\/index.php\/wp-json\/wp\/v2\/comments?post=131"}],"version-history":[{"count":9,"href":"https:\/\/www.sg-obereichstaett.de\/index.php\/wp-json\/wp\/v2\/pages\/131\/revisions"}],"predecessor-version":[{"id":387,"href":"https:\/\/www.sg-obereichstaett.de\/index.php\/wp-json\/wp\/v2\/pages\/131\/revisions\/387"}],"wp:attachment":[{"href":"https:\/\/www.sg-obereichstaett.de\/index.php\/wp-json\/wp\/v2\/media?parent=131"}],"curies":[{"name":"wp","href":"https:\/\/api.w.org\/{rel}","templated":true}]}}