{"id":125,"date":"2020-02-05T21:17:29","date_gmt":"2020-02-05T21:17:29","guid":{"rendered":"https:\/\/www.sg-obereichstaett.de\/?page_id=125"},"modified":"2026-01-18T07:58:36","modified_gmt":"2026-01-18T07:58:36","slug":"vorstandschaft","status":"publish","type":"page","link":"https:\/\/www.sg-obereichstaett.de\/index.php\/vorstandschaft\/","title":{"rendered":"Vorstandschaft &#8211; ab 2024"},"content":{"rendered":"\n<div class=\"wp-block-columns is-layout-flex wp-container-core-columns-is-layout-28f84493 wp-block-columns-is-layout-flex\">\n<div class=\"wp-block-column is-layout-flow wp-block-column-is-layout-flow\" style=\"flex-basis:100%\">\n<div class=\"wp-block-columns is-layout-flex wp-container-core-columns-is-layout-28f84493 wp-block-columns-is-layout-flex\">\n<div class=\"wp-block-column is-layout-flow wp-block-column-is-layout-flow\" style=\"flex-basis:100%\">\n<figure class=\"wp-block-table alignleft is-style-regular\"><table><tbody><tr><td class=\"has-text-align-left\" data-align=\"left\"><strong>Funktion<\/strong><\/td><td><strong>Name<\/strong><\/td><td><strong>Kontakt<\/strong><\/td><\/tr><tr><td class=\"has-text-align-left\" data-align=\"left\">1. Sch\u00fctzenmeister<\/td><td>Gregor Bittl<\/td><td>gregorbittl@outlook.de<\/td><\/tr><tr><td class=\"has-text-align-left\" data-align=\"left\">2. Sch\u00fctzenmeister<\/td><td>Johannes Ru\u00dfer<\/td><td>johannes.russer@web.de<\/td><\/tr><tr><td class=\"has-text-align-left\" data-align=\"left\">Schatzmeister<\/td><td>Lukas Beyer<\/td><td><\/td><\/tr><tr><td class=\"has-text-align-left\" data-align=\"left\">Schriftf\u00fchrerin<\/td><td>Birgit Betz<\/td><td><\/td><\/tr><tr><td class=\"has-text-align-left\" data-align=\"left\">Sportleiter<\/td><td>Werner Salzner<\/td><td><\/td><\/tr><tr><td class=\"has-text-align-left\" data-align=\"left\">Jugendleiter<\/td><td>Michael Beyer<\/td><td><\/td><\/tr><tr><td class=\"has-text-align-left\" data-align=\"left\">B\u00f6llerreferent<\/td><td>Robert Vetter<\/td><td>vetter0815@t-online.de<\/td><\/tr><tr><td class=\"has-text-align-left\" data-align=\"left\">Beisitzer<\/td><td>Maximilian B\u00f6sl<\/td><td><\/td><\/tr><tr><td class=\"has-text-align-left\" data-align=\"left\">Beisitzer<\/td><td>Markus Betz<\/td><td><\/td><\/tr><tr><td class=\"has-text-align-left\" data-align=\"left\">Beisitzer<\/td><td>Dieter Vetter<\/td><td><\/td><\/tr><tr><td class=\"has-text-align-left\" data-align=\"left\">Beisitzer<\/td><td>Tobias Renn<\/td><td><\/td><\/tr><\/tbody><\/table><\/figure>\n\n\n\n<div class=\"wp-block-buttons is-layout-flex wp-block-buttons-is-layout-flex\">\n<div class=\"wp-block-button\"><a class=\"wp-block-button__link wp-element-button\" href=\"https:\/\/www.sg-obereichstaett.de\/index.php\/kontakt\/\">Kontakt zu uns&#8230;<\/a><\/div>\n<\/div>\n<\/div>\n<\/div>\n<\/div>\n<\/div>\n","protected":false},"excerpt":{"rendered":"<p>Funktion Name Kontakt 1. Sch\u00fctzenmeister Gregor Bittl gregorbittl@outlook.de 2. Sch\u00fctzenmeister Johannes Ru\u00dfer johannes.russer@web.de Schatzmeister Lukas Beyer Schriftf\u00fchrerin Birgit Betz Sportleiter<\/p>\n","protected":false},"author":1,"featured_media":0,"parent":0,"menu_order":0,"comment_status":"closed","ping_status":"closed","template":"","meta":{"colormag_page_layout":"right_sidebar","footnotes":""},"class_list":["post-125","page","type-page","status-publish","hentry"],"yoast_head":"<!-- This site is optimized with the Yoast SEO plugin v22.9 - https:\/\/yoast.com\/wordpress\/plugins\/seo\/ -->\n<title>Vorstandschaft - ab 2024 - SG Obereichst\u00e4tt<\/title>\n<meta name=\"robots\" content=\"index, follow, max-snippet:-1, max-image-preview:large, max-video-preview:-1\" \/>\n<link rel=\"canonical\" href=\"https:\/\/www.sg-obereichstaett.de\/index.php\/vorstandschaft\/\" \/>\n<meta property=\"og:locale\" content=\"de_DE\" \/>\n<meta property=\"og:type\" content=\"article\" \/>\n<meta property=\"og:title\" content=\"Vorstandschaft - ab 2024 - SG Obereichst\u00e4tt\" \/>\n<meta property=\"og:description\" content=\"Funktion Name Kontakt 1. Sch\u00fctzenmeister Gregor Bittl gregorbittl@outlook.de 2. Sch\u00fctzenmeister Johannes Ru\u00dfer johannes.russer@web.de Schatzmeister Lukas Beyer Schriftf\u00fchrerin Birgit Betz Sportleiter\" \/>\n<meta property=\"og:url\" content=\"https:\/\/www.sg-obereichstaett.de\/index.php\/vorstandschaft\/\" \/>\n<meta property=\"og:site_name\" content=\"SG Obereichst\u00e4tt\" \/>\n<meta property=\"article:modified_time\" content=\"2026-01-18T07:58:36+00:00\" \/>\n<meta name=\"twitter:card\" content=\"summary_large_image\" \/>\n<meta name=\"twitter:label1\" content=\"Gesch\u00e4tzte Lesezeit\" \/>\n\t<meta name=\"twitter:data1\" content=\"1\u00a0Minute\" \/>\n<script type=\"application\/ld+json\" class=\"yoast-schema-graph\">{\"@context\":\"https:\/\/schema.org\",\"@graph\":[{\"@type\":\"WebPage\",\"@id\":\"https:\/\/www.sg-obereichstaett.de\/index.php\/vorstandschaft\/\",\"url\":\"https:\/\/www.sg-obereichstaett.de\/index.php\/vorstandschaft\/\",\"name\":\"Vorstandschaft - ab 2024 - SG Obereichst\u00e4tt\",\"isPartOf\":{\"@id\":\"https:\/\/www.sg-obereichstaett.de\/#website\"},\"datePublished\":\"2020-02-05T21:17:29+00:00\",\"dateModified\":\"2026-01-18T07:58:36+00:00\",\"breadcrumb\":{\"@id\":\"https:\/\/www.sg-obereichstaett.de\/index.php\/vorstandschaft\/#breadcrumb\"},\"inLanguage\":\"de\",\"potentialAction\":[{\"@type\":\"ReadAction\",\"target\":[\"https:\/\/www.sg-obereichstaett.de\/index.php\/vorstandschaft\/\"]}]},{\"@type\":\"BreadcrumbList\",\"@id\":\"https:\/\/www.sg-obereichstaett.de\/index.php\/vorstandschaft\/#breadcrumb\",\"itemListElement\":[{\"@type\":\"ListItem\",\"position\":1,\"name\":\"Home\",\"item\":\"https:\/\/www.sg-obereichstaett.de\/\"},{\"@type\":\"ListItem\",\"position\":2,\"name\":\"Vorstandschaft &#8211; ab 2024\"}]},{\"@type\":\"WebSite\",\"@id\":\"https:\/\/www.sg-obereichstaett.de\/#website\",\"url\":\"https:\/\/www.sg-obereichstaett.de\/\",\"name\":\"SG Obereichst\u00e4tt\",\"description\":\"Sch\u00fctzengesellschaft &quot;Gut Heil&quot; Obereichst\u00e4tt 1884 e.V.\",\"publisher\":{\"@id\":\"https:\/\/www.sg-obereichstaett.de\/#organization\"},\"potentialAction\":[{\"@type\":\"SearchAction\",\"target\":{\"@type\":\"EntryPoint\",\"urlTemplate\":\"https:\/\/www.sg-obereichstaett.de\/?s={search_term_string}\"},\"query-input\":\"required name=search_term_string\"}],\"inLanguage\":\"de\"},{\"@type\":\"Organization\",\"@id\":\"https:\/\/www.sg-obereichstaett.de\/#organization\",\"name\":\"SG Obereichst\u00e4tt\",\"url\":\"https:\/\/www.sg-obereichstaett.de\/\",\"logo\":{\"@type\":\"ImageObject\",\"inLanguage\":\"de\",\"@id\":\"https:\/\/www.sg-obereichstaett.de\/#\/schema\/logo\/image\/\",\"url\":\"https:\/\/www.sg-obereichstaett.de\/wp-content\/uploads\/2019\/12\/cropped-sgoei-logo_512-4.png\",\"contentUrl\":\"https:\/\/www.sg-obereichstaett.de\/wp-content\/uploads\/2019\/12\/cropped-sgoei-logo_512-4.png\",\"width\":250,\"height\":250,\"caption\":\"SG Obereichst\u00e4tt\"},\"image\":{\"@id\":\"https:\/\/www.sg-obereichstaett.de\/#\/schema\/logo\/image\/\"}}]}<\/script>\n<!-- \/ Yoast SEO plugin. -->","yoast_head_json":{"title":"Vorstandschaft - ab 2024 - SG Obereichst\u00e4tt","robots":{"index":"index","follow":"follow","max-snippet":"max-snippet:-1","max-image-preview":"max-image-preview:large","max-video-preview":"max-video-preview:-1"},"canonical":"https:\/\/www.sg-obereichstaett.de\/index.php\/vorstandschaft\/","og_locale":"de_DE","og_type":"article","og_title":"Vorstandschaft - ab 2024 - SG Obereichst\u00e4tt","og_description":"Funktion Name Kontakt 1. Sch\u00fctzenmeister Gregor Bittl gregorbittl@outlook.de 2. Sch\u00fctzenmeister Johannes Ru\u00dfer johannes.russer@web.de Schatzmeister Lukas Beyer Schriftf\u00fchrerin Birgit Betz Sportleiter","og_url":"https:\/\/www.sg-obereichstaett.de\/index.php\/vorstandschaft\/","og_site_name":"SG Obereichst\u00e4tt","article_modified_time":"2026-01-18T07:58:36+00:00","twitter_card":"summary_large_image","twitter_misc":{"Gesch\u00e4tzte Lesezeit":"1\u00a0Minute"},"schema":{"@context":"https:\/\/schema.org","@graph":[{"@type":"WebPage","@id":"https:\/\/www.sg-obereichstaett.de\/index.php\/vorstandschaft\/","url":"https:\/\/www.sg-obereichstaett.de\/index.php\/vorstandschaft\/","name":"Vorstandschaft - ab 2024 - SG Obereichst\u00e4tt","isPartOf":{"@id":"https:\/\/www.sg-obereichstaett.de\/#website"},"datePublished":"2020-02-05T21:17:29+00:00","dateModified":"2026-01-18T07:58:36+00:00","breadcrumb":{"@id":"https:\/\/www.sg-obereichstaett.de\/index.php\/vorstandschaft\/#breadcrumb"},"inLanguage":"de","potentialAction":[{"@type":"ReadAction","target":["https:\/\/www.sg-obereichstaett.de\/index.php\/vorstandschaft\/"]}]},{"@type":"BreadcrumbList","@id":"https:\/\/www.sg-obereichstaett.de\/index.php\/vorstandschaft\/#breadcrumb","itemListElement":[{"@type":"ListItem","position":1,"name":"Home","item":"https:\/\/www.sg-obereichstaett.de\/"},{"@type":"ListItem","position":2,"name":"Vorstandschaft &#8211; ab 2024"}]},{"@type":"WebSite","@id":"https:\/\/www.sg-obereichstaett.de\/#website","url":"https:\/\/www.sg-obereichstaett.de\/","name":"SG Obereichst\u00e4tt","description":"Sch\u00fctzengesellschaft &quot;Gut Heil&quot; Obereichst\u00e4tt 1884 e.V.","publisher":{"@id":"https:\/\/www.sg-obereichstaett.de\/#organization"},"potentialAction":[{"@type":"SearchAction","target":{"@type":"EntryPoint","urlTemplate":"https:\/\/www.sg-obereichstaett.de\/?s={search_term_string}"},"query-input":"required name=search_term_string"}],"inLanguage":"de"},{"@type":"Organization","@id":"https:\/\/www.sg-obereichstaett.de\/#organization","name":"SG Obereichst\u00e4tt","url":"https:\/\/www.sg-obereichstaett.de\/","logo":{"@type":"ImageObject","inLanguage":"de","@id":"https:\/\/www.sg-obereichstaett.de\/#\/schema\/logo\/image\/","url":"https:\/\/www.sg-obereichstaett.de\/wp-content\/uploads\/2019\/12\/cropped-sgoei-logo_512-4.png","contentUrl":"https:\/\/www.sg-obereichstaett.de\/wp-content\/uploads\/2019\/12\/cropped-sgoei-logo_512-4.png","width":250,"height":250,"caption":"SG Obereichst\u00e4tt"},"image":{"@id":"https:\/\/www.sg-obereichstaett.de\/#\/schema\/logo\/image\/"}}]}},"jetpack_sharing_enabled":true,"_links":{"self":[{"href":"https:\/\/www.sg-obereichstaett.de\/index.php\/wp-json\/wp\/v2\/pages\/125","targetHints":{"allow":["GET"]}}],"collection":[{"href":"https:\/\/www.sg-obereichstaett.de\/index.php\/wp-json\/wp\/v2\/pages"}],"about":[{"href":"https:\/\/www.sg-obereichstaett.de\/index.php\/wp-json\/wp\/v2\/types\/page"}],"author":[{"embeddable":true,"href":"https:\/\/www.sg-obereichstaett.de\/index.php\/wp-json\/wp\/v2\/users\/1"}],"replies":[{"embeddable":true,"href":"https:\/\/www.sg-obereichstaett.de\/index.php\/wp-json\/wp\/v2\/comments?post=125"}],"version-history":[{"count":12,"href":"https:\/\/www.sg-obereichstaett.de\/index.php\/wp-json\/wp\/v2\/pages\/125\/revisions"}],"predecessor-version":[{"id":794,"href":"https:\/\/www.sg-obereichstaett.de\/index.php\/wp-json\/wp\/v2\/pages\/125\/revisions\/794"}],"wp:attachment":[{"href":"https:\/\/www.sg-obereichstaett.de\/index.php\/wp-json\/wp\/v2\/media?parent=125"}],"curies":[{"name":"wp","href":"https:\/\/api.w.org\/{rel}","templated":true}]}}