{"id":122,"date":"2020-02-05T21:16:59","date_gmt":"2020-02-05T21:16:59","guid":{"rendered":"https:\/\/www.sg-obereichstaett.de\/?page_id=122"},"modified":"2024-02-29T19:59:14","modified_gmt":"2024-02-29T19:59:14","slug":"schiessstand","status":"publish","type":"page","link":"https:\/\/www.sg-obereichstaett.de\/index.php\/schiessstand\/","title":{"rendered":"Sch\u00fctzenhaus"},"content":{"rendered":"\n<p>Mit dem Bau des Obereichst\u00e4tter Sportheims &#8211; Heimat des Fu\u00dfballvereins u. Sch\u00fctzenvereins &#8211; wurde 1994 begonnen und 1996 fertiggestellt. Die neue Bleibe des Sch\u00fctzenvereins wurde 1996 mit der Auflage des 52. Gauschie\u00dfens des Sch\u00fctzengau&#8217;s Eichst\u00e4tt geb\u00fchrend eingeweiht. Im Sch\u00fctzenhaus enthalten sind eine Sch\u00fctzenstube mit Sch\u00e4nke und einer kleinen K\u00fcche sowie der Luftgewehre + Luftpistolen-Schie\u00dfstand. <\/p>\n\n\n\n<h3 class=\"wp-block-heading\">Sch\u00fctzenstube<\/h3>\n\n\n\n<p>Die Sch\u00fctzenstube bietet an der Tischreihe Platz f\u00fcr 24 St\u00fchle. \u00dcber den, eigens f\u00fcr den Schie\u00dfsport in der Sch\u00fctzenstube installierten Bildschirm, k\u00f6nnen die Rundenwettk\u00e4mpfe und Preisschie\u00dfen live verfolgt werden. 2022 wurde der Thekenbereich sowie die Sch\u00fctzenstube sarniert. Im Ausschankbereich fand eine kleine Gastro-K\u00fchlschrank-Sp\u00fclkombination Platz.  <\/p>\n\n\n\n<p><\/p>\n\n\n\n<h3 class=\"wp-block-heading\">10m Luftgewehr\/Luftpistolen-Schie\u00dfstand &#8211; mit uns voll im Trend<\/h3>\n\n\n\n<p>Die, zum Sportheimbau 94 mitinstallierten, 10 elektrischen Rika-Seilzugschie\u00dfst\u00e4nden, wurden in der Rundenwettkampf-Sommerpause 2018 durch 10 vollelektronische Schie\u00dfst\u00e4nde der Fa. Disag ersetzt. Diese k\u00f6nnen einzeln, wie auch zentral \u00fcber eine Laptop verwaltet werden. Ergebnisse werden in Echtzeit visualisiert und schaffen u.a. Entlastung beim Erfassen der Einzelergebnisse bei Rundenwettk\u00e4mpfen und den Vereins- sowie B\u00fcrgerschie\u00dfen! Auswertung per Mausklick. Durch dieses Update unserer Schie\u00dfanlage trat die manuelle Rika-Auswertemaschine in den verdienten Ruhestand ein und die Papierzielscheiben finden nur noch in der Vereinschronik Erw\u00e4hnung. <\/p>\n\n\n\n<p>In der Regel finden die Schie\u00dfst\u00e4nde in den Sch\u00fctzenh\u00e4user nacheinander aufgereiht ihren Platz. Die, aus Platzgr\u00fcnden damals notwendige Ausrichtung, mit 2 x 5 Schie\u00dfst\u00e4nden in unserem Sch\u00fctzenhaus, stellt eine Besonderheit dar! <\/p>\n\n\n\n<figure class=\"wp-block-image size-large is-resized\"><img loading=\"lazy\" decoding=\"async\" width=\"1024\" height=\"900\" src=\"https:\/\/www.sg-obereichstaett.de\/wp-content\/uploads\/2024\/01\/Schiessstand-1024x900.jpg\" alt=\"\" class=\"wp-image-324\" style=\"width:573px;height:auto\" srcset=\"https:\/\/www.sg-obereichstaett.de\/wp-content\/uploads\/2024\/01\/Schiessstand-1024x900.jpg 1024w, https:\/\/www.sg-obereichstaett.de\/wp-content\/uploads\/2024\/01\/Schiessstand-300x264.jpg 300w, https:\/\/www.sg-obereichstaett.de\/wp-content\/uploads\/2024\/01\/Schiessstand-768x675.jpg 768w, https:\/\/www.sg-obereichstaett.de\/wp-content\/uploads\/2024\/01\/Schiessstand.jpg 1192w\" sizes=\"auto, (max-width: 1024px) 100vw, 1024px\" \/><\/figure>\n","protected":false},"excerpt":{"rendered":"<p>Mit dem Bau des Obereichst\u00e4tter Sportheims &#8211; Heimat des Fu\u00dfballvereins u. Sch\u00fctzenvereins &#8211; wurde 1994 begonnen und 1996 fertiggestellt. Die<\/p>\n","protected":false},"author":1,"featured_media":0,"parent":0,"menu_order":0,"comment_status":"closed","ping_status":"closed","template":"","meta":{"colormag_page_layout":"default_layout","footnotes":""},"class_list":["post-122","page","type-page","status-publish","hentry"],"yoast_head":"<!-- This site is optimized with the Yoast SEO plugin v22.9 - https:\/\/yoast.com\/wordpress\/plugins\/seo\/ -->\n<title>Sch\u00fctzenhaus - SG Obereichst\u00e4tt<\/title>\n<meta name=\"robots\" content=\"index, follow, max-snippet:-1, max-image-preview:large, max-video-preview:-1\" \/>\n<link rel=\"canonical\" href=\"https:\/\/www.sg-obereichstaett.de\/index.php\/schiessstand\/\" \/>\n<meta property=\"og:locale\" content=\"de_DE\" \/>\n<meta property=\"og:type\" content=\"article\" \/>\n<meta property=\"og:title\" content=\"Sch\u00fctzenhaus - SG Obereichst\u00e4tt\" \/>\n<meta property=\"og:description\" content=\"Mit dem Bau des Obereichst\u00e4tter Sportheims &#8211; Heimat des Fu\u00dfballvereins u. Sch\u00fctzenvereins &#8211; wurde 1994 begonnen und 1996 fertiggestellt. Die\" \/>\n<meta property=\"og:url\" content=\"https:\/\/www.sg-obereichstaett.de\/index.php\/schiessstand\/\" \/>\n<meta property=\"og:site_name\" content=\"SG Obereichst\u00e4tt\" \/>\n<meta property=\"article:modified_time\" content=\"2024-02-29T19:59:14+00:00\" \/>\n<meta property=\"og:image\" content=\"https:\/\/www.sg-obereichstaett.de\/wp-content\/uploads\/2024\/01\/Schiessstand-1024x900.jpg\" \/>\n<meta name=\"twitter:card\" content=\"summary_large_image\" \/>\n<meta name=\"twitter:label1\" content=\"Gesch\u00e4tzte Lesezeit\" \/>\n\t<meta name=\"twitter:data1\" content=\"2\u00a0Minuten\" \/>\n<script type=\"application\/ld+json\" class=\"yoast-schema-graph\">{\"@context\":\"https:\/\/schema.org\",\"@graph\":[{\"@type\":\"WebPage\",\"@id\":\"https:\/\/www.sg-obereichstaett.de\/index.php\/schiessstand\/\",\"url\":\"https:\/\/www.sg-obereichstaett.de\/index.php\/schiessstand\/\",\"name\":\"Sch\u00fctzenhaus - SG Obereichst\u00e4tt\",\"isPartOf\":{\"@id\":\"https:\/\/www.sg-obereichstaett.de\/#website\"},\"primaryImageOfPage\":{\"@id\":\"https:\/\/www.sg-obereichstaett.de\/index.php\/schiessstand\/#primaryimage\"},\"image\":{\"@id\":\"https:\/\/www.sg-obereichstaett.de\/index.php\/schiessstand\/#primaryimage\"},\"thumbnailUrl\":\"https:\/\/www.sg-obereichstaett.de\/wp-content\/uploads\/2024\/01\/Schiessstand-1024x900.jpg\",\"datePublished\":\"2020-02-05T21:16:59+00:00\",\"dateModified\":\"2024-02-29T19:59:14+00:00\",\"breadcrumb\":{\"@id\":\"https:\/\/www.sg-obereichstaett.de\/index.php\/schiessstand\/#breadcrumb\"},\"inLanguage\":\"de\",\"potentialAction\":[{\"@type\":\"ReadAction\",\"target\":[\"https:\/\/www.sg-obereichstaett.de\/index.php\/schiessstand\/\"]}]},{\"@type\":\"ImageObject\",\"inLanguage\":\"de\",\"@id\":\"https:\/\/www.sg-obereichstaett.de\/index.php\/schiessstand\/#primaryimage\",\"url\":\"https:\/\/www.sg-obereichstaett.de\/wp-content\/uploads\/2024\/01\/Schiessstand.jpg\",\"contentUrl\":\"https:\/\/www.sg-obereichstaett.de\/wp-content\/uploads\/2024\/01\/Schiessstand.jpg\",\"width\":1192,\"height\":1048},{\"@type\":\"BreadcrumbList\",\"@id\":\"https:\/\/www.sg-obereichstaett.de\/index.php\/schiessstand\/#breadcrumb\",\"itemListElement\":[{\"@type\":\"ListItem\",\"position\":1,\"name\":\"Home\",\"item\":\"https:\/\/www.sg-obereichstaett.de\/\"},{\"@type\":\"ListItem\",\"position\":2,\"name\":\"Sch\u00fctzenhaus\"}]},{\"@type\":\"WebSite\",\"@id\":\"https:\/\/www.sg-obereichstaett.de\/#website\",\"url\":\"https:\/\/www.sg-obereichstaett.de\/\",\"name\":\"SG Obereichst\u00e4tt\",\"description\":\"Sch\u00fctzengesellschaft &quot;Gut Heil&quot; Obereichst\u00e4tt 1884 e.V.\",\"publisher\":{\"@id\":\"https:\/\/www.sg-obereichstaett.de\/#organization\"},\"potentialAction\":[{\"@type\":\"SearchAction\",\"target\":{\"@type\":\"EntryPoint\",\"urlTemplate\":\"https:\/\/www.sg-obereichstaett.de\/?s={search_term_string}\"},\"query-input\":\"required name=search_term_string\"}],\"inLanguage\":\"de\"},{\"@type\":\"Organization\",\"@id\":\"https:\/\/www.sg-obereichstaett.de\/#organization\",\"name\":\"SG Obereichst\u00e4tt\",\"url\":\"https:\/\/www.sg-obereichstaett.de\/\",\"logo\":{\"@type\":\"ImageObject\",\"inLanguage\":\"de\",\"@id\":\"https:\/\/www.sg-obereichstaett.de\/#\/schema\/logo\/image\/\",\"url\":\"https:\/\/www.sg-obereichstaett.de\/wp-content\/uploads\/2019\/12\/cropped-sgoei-logo_512-4.png\",\"contentUrl\":\"https:\/\/www.sg-obereichstaett.de\/wp-content\/uploads\/2019\/12\/cropped-sgoei-logo_512-4.png\",\"width\":250,\"height\":250,\"caption\":\"SG Obereichst\u00e4tt\"},\"image\":{\"@id\":\"https:\/\/www.sg-obereichstaett.de\/#\/schema\/logo\/image\/\"}}]}<\/script>\n<!-- \/ Yoast SEO plugin. -->","yoast_head_json":{"title":"Sch\u00fctzenhaus - SG Obereichst\u00e4tt","robots":{"index":"index","follow":"follow","max-snippet":"max-snippet:-1","max-image-preview":"max-image-preview:large","max-video-preview":"max-video-preview:-1"},"canonical":"https:\/\/www.sg-obereichstaett.de\/index.php\/schiessstand\/","og_locale":"de_DE","og_type":"article","og_title":"Sch\u00fctzenhaus - SG Obereichst\u00e4tt","og_description":"Mit dem Bau des Obereichst\u00e4tter Sportheims &#8211; Heimat des Fu\u00dfballvereins u. Sch\u00fctzenvereins &#8211; wurde 1994 begonnen und 1996 fertiggestellt. Die","og_url":"https:\/\/www.sg-obereichstaett.de\/index.php\/schiessstand\/","og_site_name":"SG Obereichst\u00e4tt","article_modified_time":"2024-02-29T19:59:14+00:00","og_image":[{"url":"https:\/\/www.sg-obereichstaett.de\/wp-content\/uploads\/2024\/01\/Schiessstand-1024x900.jpg"}],"twitter_card":"summary_large_image","twitter_misc":{"Gesch\u00e4tzte Lesezeit":"2\u00a0Minuten"},"schema":{"@context":"https:\/\/schema.org","@graph":[{"@type":"WebPage","@id":"https:\/\/www.sg-obereichstaett.de\/index.php\/schiessstand\/","url":"https:\/\/www.sg-obereichstaett.de\/index.php\/schiessstand\/","name":"Sch\u00fctzenhaus - SG Obereichst\u00e4tt","isPartOf":{"@id":"https:\/\/www.sg-obereichstaett.de\/#website"},"primaryImageOfPage":{"@id":"https:\/\/www.sg-obereichstaett.de\/index.php\/schiessstand\/#primaryimage"},"image":{"@id":"https:\/\/www.sg-obereichstaett.de\/index.php\/schiessstand\/#primaryimage"},"thumbnailUrl":"https:\/\/www.sg-obereichstaett.de\/wp-content\/uploads\/2024\/01\/Schiessstand-1024x900.jpg","datePublished":"2020-02-05T21:16:59+00:00","dateModified":"2024-02-29T19:59:14+00:00","breadcrumb":{"@id":"https:\/\/www.sg-obereichstaett.de\/index.php\/schiessstand\/#breadcrumb"},"inLanguage":"de","potentialAction":[{"@type":"ReadAction","target":["https:\/\/www.sg-obereichstaett.de\/index.php\/schiessstand\/"]}]},{"@type":"ImageObject","inLanguage":"de","@id":"https:\/\/www.sg-obereichstaett.de\/index.php\/schiessstand\/#primaryimage","url":"https:\/\/www.sg-obereichstaett.de\/wp-content\/uploads\/2024\/01\/Schiessstand.jpg","contentUrl":"https:\/\/www.sg-obereichstaett.de\/wp-content\/uploads\/2024\/01\/Schiessstand.jpg","width":1192,"height":1048},{"@type":"BreadcrumbList","@id":"https:\/\/www.sg-obereichstaett.de\/index.php\/schiessstand\/#breadcrumb","itemListElement":[{"@type":"ListItem","position":1,"name":"Home","item":"https:\/\/www.sg-obereichstaett.de\/"},{"@type":"ListItem","position":2,"name":"Sch\u00fctzenhaus"}]},{"@type":"WebSite","@id":"https:\/\/www.sg-obereichstaett.de\/#website","url":"https:\/\/www.sg-obereichstaett.de\/","name":"SG Obereichst\u00e4tt","description":"Sch\u00fctzengesellschaft &quot;Gut Heil&quot; Obereichst\u00e4tt 1884 e.V.","publisher":{"@id":"https:\/\/www.sg-obereichstaett.de\/#organization"},"potentialAction":[{"@type":"SearchAction","target":{"@type":"EntryPoint","urlTemplate":"https:\/\/www.sg-obereichstaett.de\/?s={search_term_string}"},"query-input":"required name=search_term_string"}],"inLanguage":"de"},{"@type":"Organization","@id":"https:\/\/www.sg-obereichstaett.de\/#organization","name":"SG Obereichst\u00e4tt","url":"https:\/\/www.sg-obereichstaett.de\/","logo":{"@type":"ImageObject","inLanguage":"de","@id":"https:\/\/www.sg-obereichstaett.de\/#\/schema\/logo\/image\/","url":"https:\/\/www.sg-obereichstaett.de\/wp-content\/uploads\/2019\/12\/cropped-sgoei-logo_512-4.png","contentUrl":"https:\/\/www.sg-obereichstaett.de\/wp-content\/uploads\/2019\/12\/cropped-sgoei-logo_512-4.png","width":250,"height":250,"caption":"SG Obereichst\u00e4tt"},"image":{"@id":"https:\/\/www.sg-obereichstaett.de\/#\/schema\/logo\/image\/"}}]}},"jetpack_sharing_enabled":true,"_links":{"self":[{"href":"https:\/\/www.sg-obereichstaett.de\/index.php\/wp-json\/wp\/v2\/pages\/122","targetHints":{"allow":["GET"]}}],"collection":[{"href":"https:\/\/www.sg-obereichstaett.de\/index.php\/wp-json\/wp\/v2\/pages"}],"about":[{"href":"https:\/\/www.sg-obereichstaett.de\/index.php\/wp-json\/wp\/v2\/types\/page"}],"author":[{"embeddable":true,"href":"https:\/\/www.sg-obereichstaett.de\/index.php\/wp-json\/wp\/v2\/users\/1"}],"replies":[{"embeddable":true,"href":"https:\/\/www.sg-obereichstaett.de\/index.php\/wp-json\/wp\/v2\/comments?post=122"}],"version-history":[{"count":10,"href":"https:\/\/www.sg-obereichstaett.de\/index.php\/wp-json\/wp\/v2\/pages\/122\/revisions"}],"predecessor-version":[{"id":383,"href":"https:\/\/www.sg-obereichstaett.de\/index.php\/wp-json\/wp\/v2\/pages\/122\/revisions\/383"}],"wp:attachment":[{"href":"https:\/\/www.sg-obereichstaett.de\/index.php\/wp-json\/wp\/v2\/media?parent=122"}],"curies":[{"name":"wp","href":"https:\/\/api.w.org\/{rel}","templated":true}]}}